
{"id":35213,"date":"2021-01-19T14:10:30","date_gmt":"2021-01-19T13:10:30","guid":{"rendered":"http:\/\/eafp.webs.uvigo.es\/a-escola\/obxectivos\/"},"modified":"2024-02-08T09:18:22","modified_gmt":"2024-02-08T08:18:22","slug":"presentacion","status":"publish","type":"page","link":"https:\/\/cpfp.uvigo.gal\/es\/el-centro\/presentacion\/","title":{"rendered":"Presentaci\u00f3n"},"content":{"rendered":"<h2>El centro de  Posgrado y Formaci\u00f3n Permanente<\/h2>\n<p><strong>El CPFP gestiona una oferta de estudios de posgrado y titulaciones propias vinculadas a las necesidades y demandas de la sociedad, complementando los estudios oficiales, dise\u00f1ando programas educativos que favorezcan la empleabilidad, el reciclaje y la promoci\u00f3n profesional de las personas trabajadoras, generando convenios de formaci\u00f3n con empresas o instituciones externas y detectando y atendiendo las necesidades formativas del estudiantado y personal docente de la UVigo<\/strong>.<\/p>\n<p><img decoding=\"async\" src=\"\/wp-content\/uploads\/2021\/03\/ernestina.jpg\" \/><\/p>\n<h2>Objetivos<\/h2>\n<ul class=\"list-peak\" style=\"margin-top: 10px;\">\n<li>Dise\u00f1ar programas educativos que favorezcan la empleabilidad, el reciclaje, el emprendimiento y la promoci\u00f3n profesional de los trabajadores y trabajadoras de acuerdo con las demandas sociales actuales. Estos estudios propios deben responder a los nuevos \u00e1mbitos de especializaci\u00f3n con posibilidades de aplicaci\u00f3n profesional.<\/li>\n<li>Complementar los estudios oficiales proporcionando al estudiantado o a las personas egresadas competencias o habilidades que no son cubiertas por dichos estudios.<\/li>\n<li>Favorecer los convenios de colaboraci\u00f3n educativa con otras instituciones y los v\u00ednculos con el sector empresarial para la formaci\u00f3n continua de los trabajadores y trabajadoras.<\/li>\n<li>Favorecer la innovaci\u00f3n educativa y dise\u00f1ar programas de formaci\u00f3n del personal docente de la Universidade de Vigo y del personal docente externo.<\/li>\n<li>Formar a las personas mayores.<\/li>\n<li>Impulsar programas formativos que promuevan la igualdad entre hombres y mujeres, la protecci\u00f3n de la diversidad y la inclusi\u00f3n social.<\/li>\n<li>Flexibilizar la ense\u00f1anza permanente de acuerdo con las expectativas,\u00a0intereses y necesidades de cada estudiante.<\/li>\n<\/ul>\n<h2>Funciones<\/h2>\n<ul class=\"list-peak\" style=\"margin-top: 10px;\">\n<li>Colaborar con los departamentos, con los centros, con los institutos, con los servicios o con otros \u00f3rganos de la Universidade de Vigo para crear, promover y desarrollar t\u00edtulos propios o programas espec\u00edficos de formaci\u00f3n permanente.<\/li>\n<li>Analizar de forma constante las necesidades formativas del entorno social y empresarial a partir del contacto con el estudiantado, con el personal propio, con las personas egresadas, con los colectivos, con las instituciones o con las empresas.<\/li>\n<li>Actuar como promotora y como centro organizador de programas de formaci\u00f3n permanente transversales y multidisciplinares. Favorecer la relaci\u00f3n con entidades o con universidades externas para firmar convenios de colaboraci\u00f3n educativa en el \u00e1mbito de la formaci\u00f3n permanente.<\/li>\n<li>Difundir y publicar una oferta formativa coordinada y actualizada. Potenciar la difusi\u00f3n de la oferta acad\u00e9mica en las redes sociales. Internacionalizar los servicios para captar estudiantado extranjero en el \u00e1mbito de la formaci\u00f3n permanente.<\/li>\n<li>Realizar propuestas de actualizaci\u00f3n del reglamento y de los procedimientos relacionados con los programas de formaci\u00f3n permanente de la Universidade de Vigo.<\/li>\n<li>Proporcionar asesoramiento para la solicitud de t\u00edtulos propios y para todos los tr\u00e1mites relacionados con la formaci\u00f3n permanente de la Universidade de Vigo. Elaborar gu\u00edas de ayuda para las personas solicitantes.<\/li>\n<li>Desarrollar y actualizar la imagen corporativa para los programas de formaci\u00f3n permanente de la Universidade de Vigo.<\/li>\n<li>Gestionar las instalaciones y los recursos de la Universidade de Vigo dedicados a la formaci\u00f3n permanente.<\/li>\n<li>Colaborar con la Comisi\u00f3n de Estudios Propios para la supervisi\u00f3n de la calidad de la formaci\u00f3n impartida y del propio funcionamiento de la EAFP. Gestionar las reclamaciones y las quejas relacionadas con los programas de formaci\u00f3n permanente.<\/li>\n<li>Colaborar en la elaboraci\u00f3n de los procedimientos para el reconocimiento de cr\u00e9ditos entre titulaciones propias y oficiales.<\/li>\n<li>Potenciar las metodolog\u00edas y las herramientas de innovaci\u00f3n docente a trav\u00e9s de los cursos de formaci\u00f3n del profesorado. Favorecer los grupos de innovaci\u00f3n docente dentro de la Universidade de Vigo.<\/li>\n<li>Colaborar con otros centros de formaci\u00f3n permanente nacionales e internacionales. Tener un papel activo en las redes nacionales e internacionales de formaci\u00f3n continua.<\/li>\n<li>Elaborar y aprobar un informe anual de sus actividades y proporcionar la informaci\u00f3n necesaria para su publicaci\u00f3n en el portal de transparencia de la Universidade de Vigo.<\/li>\n<\/ul>\n","protected":false},"excerpt":{"rendered":"<p>El centro de Posgrado y Formaci\u00f3n Permanente El CPFP gestiona una oferta de estudios de posgrado y titulaciones propias vinculadas a las necesidades y demandas &hellip; <a class=\"excerpt_more\" href=\"https:\/\/cpfp.uvigo.gal\/es\/el-centro\/presentacion\/\">Contin\u00faa<\/a><\/p>\n","protected":false},"author":2,"featured_media":0,"parent":35161,"menu_order":5,"comment_status":"closed","ping_status":"closed","template":"views\/template-fullwidth.blade.php","meta":{"_monsterinsights_skip_tracking":false,"_monsterinsights_sitenote_active":false,"_monsterinsights_sitenote_note":"","_monsterinsights_sitenote_category":0,"footnotes":""},"class_list":["post-35213","page","type-page","status-publish","hentry"],"_links":{"self":[{"href":"https:\/\/cpfp.uvigo.gal\/es\/wp-json\/wp\/v2\/pages\/35213","targetHints":{"allow":["GET"]}}],"collection":[{"href":"https:\/\/cpfp.uvigo.gal\/es\/wp-json\/wp\/v2\/pages"}],"about":[{"href":"https:\/\/cpfp.uvigo.gal\/es\/wp-json\/wp\/v2\/types\/page"}],"author":[{"embeddable":true,"href":"https:\/\/cpfp.uvigo.gal\/es\/wp-json\/wp\/v2\/users\/2"}],"replies":[{"embeddable":true,"href":"https:\/\/cpfp.uvigo.gal\/es\/wp-json\/wp\/v2\/comments?post=35213"}],"version-history":[{"count":0,"href":"https:\/\/cpfp.uvigo.gal\/es\/wp-json\/wp\/v2\/pages\/35213\/revisions"}],"up":[{"embeddable":true,"href":"https:\/\/cpfp.uvigo.gal\/es\/wp-json\/wp\/v2\/pages\/35161"}],"wp:attachment":[{"href":"https:\/\/cpfp.uvigo.gal\/es\/wp-json\/wp\/v2\/media?parent=35213"}],"curies":[{"name":"wp","href":"https:\/\/api.w.org\/{rel}","templated":true}]}}