
{"id":35413,"date":"2021-02-09T15:39:59","date_gmt":"2021-02-09T14:39:59","guid":{"rendered":"http:\/\/eafp.uvigo.gal\/participa\/solicitude-formativa\/"},"modified":"2024-02-08T09:07:10","modified_gmt":"2024-02-08T08:07:10","slug":"solicitud-titulo-propio","status":"publish","type":"page","link":"https:\/\/cpfp.uvigo.gal\/es\/participa\/solicitud-titulo-propio\/","title":{"rendered":"Solicita un titulo propio"},"content":{"rendered":"<p><img decoding=\"async\" src=\"\/wp-content\/uploads\/2021\/04\/tp.jpg\" alt=\"t\u00edtulos propios\"><\/p>\n<p>Consulta el cat\u00e1logo de t\u00edtulos propios y si no encuentras uno en especial, la Universidad puede organizar un nuevo t\u00edtulo propio que se adapte a tus necesidades.<\/p>\n<p class=\"mb-2\"><a class=\"btn btn-primary btn-icon\" style=\"text-transform: none!important;\" href=\"\/es\/campus-abierto\/titulos-propios\/\" rel=\"noopener noreferrer\">T\u00edtulos propios<\/a><\/p>\n<p>&nbsp;<\/p>\n<p>Si la formaci\u00f3n que deseas no aparece en nuestro cat\u00e1logo, no dudes en ponerte en contacto con nosotros.<\/p>\n<p class=\"mb-2\"><a class=\"btn btn-primary btn-icon\" style=\"text-transform: none!important;\" href=\"\/es\/el-centro\/contacto\/\" rel=\"noopener noreferrer\">Formulario de contacto<\/a><\/p>\n","protected":false},"excerpt":{"rendered":"<p>Consulta el cat\u00e1logo de t\u00edtulos propios y si no encuentras uno en especial, la Universidad puede organizar un nuevo t\u00edtulo propio que se adapte a &hellip; <a class=\"excerpt_more\" href=\"https:\/\/cpfp.uvigo.gal\/es\/participa\/solicitud-titulo-propio\/\">Contin\u00faa<\/a><\/p>\n","protected":false},"author":2,"featured_media":0,"parent":35402,"menu_order":10,"comment_status":"closed","ping_status":"closed","template":"views\/template-fullwidth.blade.php","meta":{"_monsterinsights_skip_tracking":false,"_monsterinsights_sitenote_active":false,"_monsterinsights_sitenote_note":"","_monsterinsights_sitenote_category":0,"footnotes":""},"class_list":["post-35413","page","type-page","status-publish","hentry"],"_links":{"self":[{"href":"https:\/\/cpfp.uvigo.gal\/es\/wp-json\/wp\/v2\/pages\/35413","targetHints":{"allow":["GET"]}}],"collection":[{"href":"https:\/\/cpfp.uvigo.gal\/es\/wp-json\/wp\/v2\/pages"}],"about":[{"href":"https:\/\/cpfp.uvigo.gal\/es\/wp-json\/wp\/v2\/types\/page"}],"author":[{"embeddable":true,"href":"https:\/\/cpfp.uvigo.gal\/es\/wp-json\/wp\/v2\/users\/2"}],"replies":[{"embeddable":true,"href":"https:\/\/cpfp.uvigo.gal\/es\/wp-json\/wp\/v2\/comments?post=35413"}],"version-history":[{"count":0,"href":"https:\/\/cpfp.uvigo.gal\/es\/wp-json\/wp\/v2\/pages\/35413\/revisions"}],"up":[{"embeddable":true,"href":"https:\/\/cpfp.uvigo.gal\/es\/wp-json\/wp\/v2\/pages\/35402"}],"wp:attachment":[{"href":"https:\/\/cpfp.uvigo.gal\/es\/wp-json\/wp\/v2\/media?parent=35413"}],"curies":[{"name":"wp","href":"https:\/\/api.w.org\/{rel}","templated":true}]}}