
{"id":35421,"date":"2021-01-27T16:17:44","date_gmt":"2021-01-27T15:17:44","guid":{"rendered":"http:\/\/eafp.uvigo.gal\/campus-aberto\/programa-universitario-de-maiores\/"},"modified":"2025-01-10T11:13:32","modified_gmt":"2025-01-10T10:13:32","slug":"programa-universitario-de-mayores","status":"publish","type":"page","link":"https:\/\/cpfp.uvigo.gal\/es\/estudios\/programa-universitario-de-mayores\/","title":{"rendered":"Programa Universitario de Mayores"},"content":{"rendered":"<p><img decoding=\"async\" src=\"\/wp-content\/uploads\/2021\/04\/pum.jpg\" \/><\/p>\n<h2>Nunca es tarde para formarse<\/h2>\n<p>El Programa Universitario de Mayores se desarrolla en los tres campus de la Universidade de Vigo y pretende facilitarles a las personas adultas su desarrollo cultural, social y personal, y colaborar con ellos en justa correspondencia a lo que, con su trabajo y esfuerzo, aportaron a nuestra instituci\u00f3n. Se trata, pues, de una oferta de estudios para las personas que, por diferentes razones, no hab\u00edan podido acceder a la universidad en su momento o que, siendo ya titulados, tengan inquietudes por continuar su formaci\u00f3n.<\/p>\n<div class=\"row\">\n<div class=\"col-lg-6\">\n<p><img decoding=\"async\" src=\"https:\/\/cpfp.uvigo.gal\/wp-content\/uploads\/2025\/01\/Cabecera-_Intensivo.jpg\" \/><\/p>\n<h3>Ciclo intensivo<\/h3>\n<p>Las asignaturas de este ciclo est\u00e1n encaminadas a la divulgaci\u00f3n, al an\u00e1lisis y a la reflexi\u00f3n sobre aspectos de diferentes temas cient\u00edfico-culturales; el entorno natural, social, cultural y cient\u00edfico; la evoluci\u00f3n y aportaciones de la humanidad; y la sociedad y la cultura actual y futura.<\/p>\n<p>Tambi\u00e9n tendr\u00e1n como objetivo, en su conjunto, iniciar posibles orientaciones tem\u00e1ticas con vistas a la continuaci\u00f3n de estudios en el Ciclo Integrado. Las actividades complementarias, est\u00e1n orientadas a ahondar en algunos temas concretos de las ense\u00f1anzas; a proporcionar formaci\u00f3n pr\u00e1ctica sobre aspectos concretos a trav\u00e9s de talleres; a facilitar las relaciones interpersonales, intergeneracionales e interculturales; y a promover el acceso a actividades culturales y recreativas.<\/p>\n<p class=\"mb-2\"><a class=\"btn btn-outline-primary btn-icon\" style=\"text-transform: none!important;\" href=\"http:\/\/maiores.uvigo.es\/gl\/estudos\/ciclo-intensivo\/\">M\u00e1s informaci\u00f3n<\/a><\/p>\n<\/div>\n<div class=\"col-lg-6\">\n<p><img decoding=\"async\" src=\"https:\/\/cpfp.uvigo.gal\/wp-content\/uploads\/2025\/01\/Cabecera_Integrado.jpg\" \/><\/p>\n<h3>Ciclo integrado<\/h3>\n<p>Este ciclo permite cursar aquellas asignaturas o disciplinas pertenecientes a las diferentes titulaciones oficiales de la Universidade de Vigo en las que se oferten plazas espec\u00edficas para el Programa Universitario de Mayores.<\/p>\n<p>Estos estudios se llevar\u00e1n a cabo junto con el estudiantado matriculado en las correspondientes titulaciones oficiales de grado de la Universidade de Vigo, en las mismas aulas y horarios, y en igualdad de circunstancias excepto la obligatoriedad de participar en los procesos de evaluaci\u00f3n establecidos para el estudiantado de los estudios oficiales de grado.<\/p>\n<p class=\"mb-2\"><a class=\"btn btn-outline-primary btn-icon\" style=\"text-transform: none!important;\" href=\"http:\/\/maiores.uvigo.es\/gl\/estudos\/ciclo-integrado\/\">M\u00e1s informaci\u00f3n<\/a><\/p>\n<\/div>\n<\/div>\n<hr \/>\n<p>&nbsp;<\/p>\n<p class=\"mb-2\"><a class=\"btn btn-outline-primary btn-icon\" style=\"text-transform: none!important;\" href=\"\/estudar\/acceder\/programa-maiores\" target=\"_blank\" rel=\"noopener noreferrer\">Preinscr\u00edbete\u00a0\u00a0\u00a0\u00a0<\/a><\/p>\n<p class=\"mb-2\"><a class=\"btn btn-outline-primary btn-icon\" style=\"text-transform: none!important;\" href=\"\/docs\/TRIPTICO_programa_de_maiores_2022.pdf\" target=\"_blank\" rel=\"noopener noreferrer\">Descarga el tr\u00edptico<\/a><\/p>\n<p><a style=\"font-size: 1rem; background-color: #ffffff;\" href=\"\/docs\/TRIPTICO_programa_de_maiores_2022.pdf\" target=\"_blank\" rel=\"noopener noreferrer\"><img loading=\"lazy\" decoding=\"async\" class=\"alignnone size-full wp-image-118388\" src=\"http:\/\/eafp.uvigo.gal\/wp-content\/uploads\/2022\/04\/Portada_Triptico_PUM_pq5.jpg\" alt=\"\" width=\"142\" height=\"140\" \/><\/a><\/p>\n<p>&nbsp;<\/p>\n<div class=\"custom-block graylight\">\n<h2>M\u00e1s informaci\u00f3n<\/h2>\n<p>Si tiens alg\u00fan problema con la preinscripci\u00f3n, contacta con nosotros:<\/p>\n<div class=\"row\">\n<div class=\"col-lg-4\">\n<h3>Campus de Ourense<\/h3>\n<p><strong>\u00c1rea de Servicios a la Comunidad<\/strong><\/p>\n<p>Edificio Administrativo<br \/>\nCampus As Lagoas (Campus Norte)<br \/>\n32004 Ourense<\/p>\n<p><i class=\"fa fa-phone\"> <\/i> +34 988 387 102<br \/>\n<i class=\"fa fa-envelope-o\"><\/i> <a href=\"mailto:asc-ou@uvigo.es\">asc-ou@uvigo.es<\/a><br \/>\n<i class=\"fa fa-clock-o\"><\/i> De 9.00 a 14.00 h <sup>1<\/sup><\/p>\n<\/div>\n<div class=\"col-lg-4\">\n<h3>Campus de Pontevedra<\/h3>\n<p><strong>Secretar\u00eda de Alumnado S\u00e9nior<\/strong><\/p>\n<p>E.E. Forestal<br \/>\nCampus A Xunqueira s\/n<br \/>\n36005 Pontevedra<\/p>\n<p><i class=\"fa fa-phone\"> <\/i> +34 986 801 702<br \/>\n<i class=\"fa fa-envelope-o\"><\/i> <a href=\"mailto:maiores.pontevedra@uvigo.es\">maiores.pontevedra@uvigo.es<\/a><br \/>\n<i class=\"fa fa-clock-o\"><\/i> De 9.00 a 14.00 h <sup>1<\/sup><\/p>\n<\/div>\n<div class=\"col-lg-4\">\n<h3>Campus de Vigo<\/h3>\n<p><strong>Negociado de Gesti\u00f3n del PUM<\/strong><\/p>\n<p>E.E. Industrial<br \/>\nR\u00faa Torrecedeira 86<br \/>\n36201 Vigo<\/p>\n<p><i class=\"fa fa-phone\"> <\/i> +34 986 812 257<br \/>\n<i class=\"fa fa-envelope-o\"><\/i> <a href=\"mailto:maiores@uvigo.es\">maiores@uvigo.es<\/a><br \/>\n<i class=\"fa fa-clock-o\"><\/i> De 9.00 a 14.00 h <sup>1<\/sup><\/p>\n<\/div>\n<\/div>\n<p><sup>1<\/sup> presencial con cita previa.<\/p>\n<p class=\"mb-2\"><a class=\"btn btn-primary btn-icon\" style=\"text-transform: none!important;\" href=\"\/el-centro\/contacto\/\" rel=\"noopener noreferrer\">Formulario de contacto<\/a><\/p>\n<\/div>\n","protected":false},"excerpt":{"rendered":"<p>Nunca es tarde para formarse El Programa Universitario de Mayores se desarrolla en los tres campus de la Universidade de Vigo y pretende facilitarles a &hellip; <a class=\"excerpt_more\" href=\"https:\/\/cpfp.uvigo.gal\/es\/estudios\/programa-universitario-de-mayores\/\">Contin\u00faa<\/a><\/p>\n","protected":false},"author":2,"featured_media":0,"parent":35169,"menu_order":30,"comment_status":"closed","ping_status":"closed","template":"views\/template-fullwidth.blade.php","meta":{"_monsterinsights_skip_tracking":false,"_monsterinsights_sitenote_active":false,"_monsterinsights_sitenote_note":"","_monsterinsights_sitenote_category":0,"footnotes":""},"class_list":["post-35421","page","type-page","status-publish","hentry"],"_links":{"self":[{"href":"https:\/\/cpfp.uvigo.gal\/es\/wp-json\/wp\/v2\/pages\/35421","targetHints":{"allow":["GET"]}}],"collection":[{"href":"https:\/\/cpfp.uvigo.gal\/es\/wp-json\/wp\/v2\/pages"}],"about":[{"href":"https:\/\/cpfp.uvigo.gal\/es\/wp-json\/wp\/v2\/types\/page"}],"author":[{"embeddable":true,"href":"https:\/\/cpfp.uvigo.gal\/es\/wp-json\/wp\/v2\/users\/2"}],"replies":[{"embeddable":true,"href":"https:\/\/cpfp.uvigo.gal\/es\/wp-json\/wp\/v2\/comments?post=35421"}],"version-history":[{"count":0,"href":"https:\/\/cpfp.uvigo.gal\/es\/wp-json\/wp\/v2\/pages\/35421\/revisions"}],"up":[{"embeddable":true,"href":"https:\/\/cpfp.uvigo.gal\/es\/wp-json\/wp\/v2\/pages\/35169"}],"wp:attachment":[{"href":"https:\/\/cpfp.uvigo.gal\/es\/wp-json\/wp\/v2\/media?parent=35421"}],"curies":[{"name":"wp","href":"https:\/\/api.w.org\/{rel}","templated":true}]}}