
{"id":35423,"date":"2021-01-27T16:18:57","date_gmt":"2021-01-27T15:18:57","guid":{"rendered":"http:\/\/eafp.uvigo.gal\/campus-aberto\/formacion-e-innovacion-docente\/"},"modified":"2026-02-23T14:55:22","modified_gmt":"2026-02-23T13:55:22","slug":"gid","status":"publish","type":"page","link":"https:\/\/cpfp.uvigo.gal\/es\/estudios\/formacion-e-innovacion-educativa\/gid\/","title":{"rendered":"Innovaci\u00f3n Educativa"},"content":{"rendered":"<p><img decoding=\"async\" src=\"\/wp-content\/uploads\/2021\/04\/id.jpg\" alt=\"formaci\u00f3n e innovaci\u00f3n docente\" \/><\/p>\n<p>&nbsp;<\/p>\n<h2>Grupos de Innovaci\u00f3n Docente<\/h2>\n<p>Los Grupos de Innovaci\u00f3n Docente (GID) son grupos de trabajo estables de profesorado universitario que tienen como finalidad desarrollar acciones dirigidas a la formaci\u00f3n, innovaci\u00f3n y renovaci\u00f3n del modelo educativo con el objetivo de favorecer el aprendizaje del alumnado.<\/p>\n<p>Este tipo de grupos permiten reflexionar sobre la pr\u00e1ctica docente y constituyen un marco id\u00f3neo para impulsar el trabajo cooperativo entre docentes de diferentes centros y \u00e1mbitos disciplinares que comparten objetivos comunes.<\/p>\n<h3>Convocatorias de registro<\/h3>\n<ul class=\"list-peak\">\n<li><a href=\"https:\/\/secretaria.uvigo.gal\/uv\/web\/convocatoria\/public\/show\/1779\">Convocatoria para el registro o modificaci\u00f3n de Grupos de Innovaci\u00f3n Docente 2026 <\/a><\/li>\n<li><a href=\"https:\/\/secretaria.uvigo.gal\/uv\/web\/convocatoria\/public\/show\/1505\" target=\"_blank\" rel=\"noopener\">Convocatoria para el registro o modificaci\u00f3n de Grupos de Innovaci\u00f3n Docente 2025<\/a><\/li>\n<li><a href=\"https:\/\/secretaria.uvigo.gal\/uv\/web\/convocatoria\/public\/show\/1271\">Registro de Grupos de Innovaci\u00f3n Docente 2024<\/a><\/li>\n<\/ul>\n<h3>Convocatoria de ayudas<\/h3>\n<ul class=\"list-peak\">\n<li><a href=\"https:\/\/secretaria.uvigo.gal\/uv\/web\/convocatoria\/public\/show\/1599\">Ayudas econ\u00f3micas para las actividades de los GID 2025<\/a><\/li>\n<li><a href=\"https:\/\/secretaria.uvigo.gal\/uv\/web\/convocatoria\/public\/show\/1312\">Ayudas econ\u00f3micas para las actividades de los GID 2024<\/a><\/li>\n<\/ul>\n<h2>Proyectos piloto de innovaci\u00f3n docente en facultades y escuelas<\/h2>\n<p>La sociedad actual es compleja, diversa, global y con cambios tecnol\u00f3gicos que modifican todas las \u00e1reas de la vida humana.<br \/>\nPara afrontar estos retos a Universidade de Vigo quiere promover actuaciones de innovaci\u00f3n docente a nivel tecnol\u00f3gico y metodol\u00f3gico en las facultades y escuelas para conseguir mejorar su calidad docente y que su alumnado est\u00e9 m\u00e1s preparado y adaptarse mejor a los diferentes campos de la situaci\u00f3n actual.<\/p>\n<p>La Xunta de Galicia en su convenio de I+D+i fomenta la promoci\u00f3n de experiencias piloto en centros docentes innovadores y servicios de virtualizaci\u00f3n de laboratorios. Para el a\u00f1o 2024, en el mes de agosto, aprueba una financiaci\u00f3n de 42.000 \u20ac para dichas actividades.<\/p>\n<h3>Convocatorias<\/h3>\n<ul class=\"list-peak\">\n<li><a href=\"https:\/\/secretaria.uvigo.gal\/uv\/web\/convocatoria\/public\/show\/1628\" target=\"_blank\" rel=\"noopener\">2025<\/a><\/li>\n<li><a href=\"https:\/\/secretaria.uvigo.gal\/uv\/web\/convocatoria\/public\/show\/1381\">2024<\/a><\/li>\n<li><a href=\"https:\/\/secretaria.uvigo.gal\/uv\/web\/convocatoria\/public\/show\/1182\">2023<\/a><\/li>\n<li><a href=\"https:\/\/secretaria.uvigo.gal\/uv\/web\/convocatoria\/public\/show\/874\">2022<\/a><\/li>\n<\/ul>\n<div class=\"row\"><\/div>\n","protected":false},"excerpt":{"rendered":"<p>&nbsp; Grupos de Innovaci\u00f3n Docente Los Grupos de Innovaci\u00f3n Docente (GID) son grupos de trabajo estables de profesorado universitario que tienen como finalidad desarrollar acciones &hellip; <a class=\"excerpt_more\" href=\"https:\/\/cpfp.uvigo.gal\/es\/estudios\/formacion-e-innovacion-educativa\/gid\/\">Contin\u00faa<\/a><\/p>\n","protected":false},"author":2,"featured_media":0,"parent":86364,"menu_order":50,"comment_status":"closed","ping_status":"closed","template":"views\/template-fullwidth.blade.php","meta":{"_monsterinsights_skip_tracking":false,"_monsterinsights_sitenote_active":false,"_monsterinsights_sitenote_note":"","_monsterinsights_sitenote_category":0,"footnotes":""},"class_list":["post-35423","page","type-page","status-publish","hentry"],"_links":{"self":[{"href":"https:\/\/cpfp.uvigo.gal\/es\/wp-json\/wp\/v2\/pages\/35423","targetHints":{"allow":["GET"]}}],"collection":[{"href":"https:\/\/cpfp.uvigo.gal\/es\/wp-json\/wp\/v2\/pages"}],"about":[{"href":"https:\/\/cpfp.uvigo.gal\/es\/wp-json\/wp\/v2\/types\/page"}],"author":[{"embeddable":true,"href":"https:\/\/cpfp.uvigo.gal\/es\/wp-json\/wp\/v2\/users\/2"}],"replies":[{"embeddable":true,"href":"https:\/\/cpfp.uvigo.gal\/es\/wp-json\/wp\/v2\/comments?post=35423"}],"version-history":[{"count":5,"href":"https:\/\/cpfp.uvigo.gal\/es\/wp-json\/wp\/v2\/pages\/35423\/revisions"}],"predecessor-version":[{"id":279188,"href":"https:\/\/cpfp.uvigo.gal\/es\/wp-json\/wp\/v2\/pages\/35423\/revisions\/279188"}],"up":[{"embeddable":true,"href":"https:\/\/cpfp.uvigo.gal\/es\/wp-json\/wp\/v2\/pages\/86364"}],"wp:attachment":[{"href":"https:\/\/cpfp.uvigo.gal\/es\/wp-json\/wp\/v2\/media?parent=35423"}],"curies":[{"name":"wp","href":"https:\/\/api.w.org\/{rel}","templated":true}]}}