
{"id":86320,"date":"2021-04-12T19:17:50","date_gmt":"2021-04-12T17:17:50","guid":{"rendered":"http:\/\/eafp.uvigo.gal\/campus-aberto\/aulas-abertas\/aula-internacional\/"},"modified":"2023-06-01T23:33:33","modified_gmt":"2023-06-01T21:33:33","slug":"aula-internacional","status":"publish","type":"page","link":"https:\/\/cpfp.uvigo.gal\/es\/estudios\/aulas-abiertas\/aula-internacional\/","title":{"rendered":"Aula Internacional de Estudios Hisp\u00e1nicos en Teor\u00eda de la Literatura y Literatura Comparada"},"content":{"rendered":"<p><iframe loading=\"lazy\" width=\"560\" height=\"315\" src=\"https:\/\/www.youtube.com\/embed\/PUib0_fVaJM\" frameborder=\"0\" allow=\"accelerometer; autoplay; clipboard-write; encrypted-media; gyroscope; picture-in-picture\" allowfullscreen><\/iframe><\/p>\n<div class=\"row\">\n<div class=\"col-lg-12\">\n<h3>MOOC<\/h3>\n<p class=\"header-list\">\u00c1mbito: human\u00edstico<span class=\"pull-right\">C\u00f3digo: MOOCAULA<\/span><\/p>\n<div class=\"custom-block graylight\">\n<div class=\"row\">\n<div class=\"col lg-4\">\n<h3>Fechas<\/h3>\n<p><i class=\"fa fa-calendar\"><\/i> Abierta permanentemente<\/p>\n<\/p><\/div>\n<div class=\"col lg-3\">\n<h3>Modalidad<\/h3>\n<p><i class=\"fa fa-adjust\" aria-hidden=\"true\"><\/i> En l\u00ednea<\/p>\n<\/p><\/div>\n<div class=\"col lg-2\">\n<h3>Cr\u00e9ditos<\/h3>\n<p><i class=\"fa fa-university\" aria-hidden=\"true\"><\/i> 1 ECTS<\/p>\n<\/p><\/div>\n<div class=\"col lg-3\">\n<h3>Campus<\/h3>\n<p><i class=\"fa fa-map-marker\" aria-hidden=\"true\"><\/i> En l\u00ednea<\/p>\n<\/p><\/div>\n<\/p><\/div>\n<\/div><\/div>\n<\/p><\/div>\n<p>&nbsp;<\/p>\n<h2>Descrici\u00f3n<\/h2>\n<p>Este aula est\u00e1 especializada en Estudios Hisp\u00e1nicos, y tiene como finalidad satisfacer una demanda de potenciales espectadores hablantes de espa\u00f1ol, formada por estudiantes y profesionales principalmente de Espa\u00f1a, y Hispanoam\u00e9rica, as\u00ed como Hispanistas de Estados Unidos, Canad\u00e1, Europa y Asia.<\/p>\n<p>Orientada a un sector de p\u00fablico muy abierto, que tiene inter\u00e9s en los estudios literarios desde el punto de vista de la creaci\u00f3n literaria y de la denominada escritura creativa, materia que forma parte de los planes de estudios vigentes actualmente en numerosos grados.<\/p>\n<p>&nbsp;<\/p>\n<div class=\"row\">\n<div class=\"col-lg-6\">\n<p class=\"header-list\">Director\/a acad\u00e9mico<\/p>\n<p> Jes\u00fas G. Maestro <\/p>\n<\/p><\/div>\n<div class=\"col-lg-6\">\n<div class=\"card\">\n<div class=\"card-body\">\n<p class=\"header-list\">Per\u00edodo de matr\u00edcula:<\/p>\n<p>Abierta permanentemente<\/p>\n<\/p><\/div>\n<\/p><\/div>\n<p><\/p>\n<p class=\"mb-2\"><a class=\"btn btn-primary btn-icon\" style=\"text-transform:none!important\" href=\"https:\/\/www.youtube.com\/channel\/UCfWWjBMY6zpvvU6wAe5j_Eg\" target=\"_blank\" rel=\"noopener noreferrer\">Canal sin inscripci\u00f3n<\/a><\/p>\n<\/p><\/div>\n<\/div>\n<p>&nbsp;<\/p>\n<h2>Modalidade<\/h2>\n<div class=\"card\">\n<div class=\"row\">\n<div class=\"col lg-6\">\n<div class=\"card-body\">\n<h3 class=\"card-title\">Docencia presencial\/virtual<\/h3>\n<p><i class=\"fa fa-minus fa-3x\" aria-hidden=\"true\"><\/i><\/p>\n<p>0 horas<\/p>\n<\/p><\/div>\n<\/p><\/div>\n<div class=\"col lg-3\">\n<div class=\"card-body\">\n<h3 class=\"card-title\">Docencia no presencial<\/h3>\n<p style=\"color:green\"><i class=\"fa fa-check-square-o fa-3x\" aria-hidden=\"true\"><\/i><\/p>\n<p>15 horas<\/p>\n<\/p><\/div>\n<\/p><\/div>\n<div class=\"col lg-3\">\n<div class=\"card-body\">\n<h3 class=\"card-title\">Pr\u00e1cticas en empresa<\/h3>\n<p><i class=\"fa fa-minus fa-3x\" aria-hidden=\"true\"><\/i><\/p>\n<p>0 horas<\/p>\n<\/p><\/div>\n<\/p><\/div>\n<\/p><\/div>\n<div class=\"row\">\n<div class=\"col lg-12\">\n<div class=\"card-body\">\n<p><small><sup>(1)<\/sup> Docencia presencial\/virtual<br \/>\n<sup>(2)<\/sup> Docencia no presencial<\/small><\/p>\n<p><strong>Horario<\/strong><br \/>\nSe trata de un aula totalmente en l\u00ednea, masiva, abierta a toda la comunidad impartida en espa\u00f1ol y con una duraci\u00f3n aproximada de 15 horas que se puede seguir de manera libre, complet\u00e1ndola cada uno a su ritmo, sin horarios establecidos.<\/p>\n<p><strong>Lugar de impartici\u00f3n<\/strong><br \/>\nCampus en l\u00ednea\n\t<\/div>\n<\/p><\/div>\n<\/p><\/div>\n<\/div>\n<p>&nbsp;<\/p>\n<h2>Profesorado<\/h2>\n<ul class=\"list-peak\" style=\"margin-top:10px\">\n<li>Jes\u00fas G. Maestro<\/li>\n<\/ul>\n","protected":false},"excerpt":{"rendered":"<p>MOOC \u00c1mbito: human\u00edsticoC\u00f3digo: MOOCAULA Fechas Abierta permanentemente Modalidad En l\u00ednea Cr\u00e9ditos 1 ECTS Campus En l\u00ednea &nbsp; Descrici\u00f3n Este aula est\u00e1 especializada en Estudios Hisp\u00e1nicos, &hellip; <a class=\"excerpt_more\" href=\"https:\/\/cpfp.uvigo.gal\/es\/estudios\/aulas-abiertas\/aula-internacional\/\">Contin\u00faa<\/a><\/p>\n","protected":false},"author":2,"featured_media":0,"parent":35173,"menu_order":20,"comment_status":"closed","ping_status":"closed","template":"views\/template-fullwidth.blade.php","meta":{"_monsterinsights_skip_tracking":false,"_monsterinsights_sitenote_active":false,"_monsterinsights_sitenote_note":"","_monsterinsights_sitenote_category":0,"footnotes":""},"class_list":["post-86320","page","type-page","status-publish","hentry"],"_links":{"self":[{"href":"https:\/\/cpfp.uvigo.gal\/es\/wp-json\/wp\/v2\/pages\/86320","targetHints":{"allow":["GET"]}}],"collection":[{"href":"https:\/\/cpfp.uvigo.gal\/es\/wp-json\/wp\/v2\/pages"}],"about":[{"href":"https:\/\/cpfp.uvigo.gal\/es\/wp-json\/wp\/v2\/types\/page"}],"author":[{"embeddable":true,"href":"https:\/\/cpfp.uvigo.gal\/es\/wp-json\/wp\/v2\/users\/2"}],"replies":[{"embeddable":true,"href":"https:\/\/cpfp.uvigo.gal\/es\/wp-json\/wp\/v2\/comments?post=86320"}],"version-history":[{"count":0,"href":"https:\/\/cpfp.uvigo.gal\/es\/wp-json\/wp\/v2\/pages\/86320\/revisions"}],"up":[{"embeddable":true,"href":"https:\/\/cpfp.uvigo.gal\/es\/wp-json\/wp\/v2\/pages\/35173"}],"wp:attachment":[{"href":"https:\/\/cpfp.uvigo.gal\/es\/wp-json\/wp\/v2\/media?parent=86320"}],"curies":[{"name":"wp","href":"https:\/\/api.w.org\/{rel}","templated":true}]}}