
{"id":86362,"date":"2021-03-24T10:15:20","date_gmt":"2021-03-24T09:15:20","guid":{"rendered":"http:\/\/eafp.uvigo.gal\/destinatarios\/formacion-para-maiores\/"},"modified":"2024-02-08T08:50:48","modified_gmt":"2024-02-08T07:50:48","slug":"formacion-para-mayores","status":"publish","type":"page","link":"https:\/\/cpfp.uvigo.gal\/es\/destinatarios\/formacion-para-mayores\/","title":{"rendered":"Formaci\u00f3n para mayores"},"content":{"rendered":"<h3 style=\"text-align: center;\">\u00abPara que las personas mantengan la ilusi\u00f3n por seguir aprendiendo despu\u00e9s de completar su trayectoria profesional\u00bb<\/h3>\n<p>&nbsp;<\/p>\n<p>El Programa Universitario de Mayores busca garantizar una oferta de estudios para las personas mayores de 55 a\u00f1os que, por diversas razones, no hab\u00edan podido acceder a la Universidad en su momento o para aquellas personas que, teniendo ya una experiencia universitaria, mantengan la ilusi\u00f3n por seguir aprendiendo.<\/p>\n<p>Las competencias que el Programa Universitario de Mayores intenta alcanzar son:<\/p>\n<ul class=\"list-peak\" style=\"margin-top: 10px;\">\n<li>Lograr un id\u00f3neo nivel de independencia f\u00edsica y psicol\u00f3gica y de autonom\u00eda personal para la mejora o mantenimiento de la calidad de vida.<\/li>\n<li>Capacitarse para participar de forma activa y constructiva en la vida, no s\u00f3lo social, sino cient\u00edfica aportando conocimientos y experiencias enriquecedoras.<\/li>\n<li>Actualizarse en las diferentes competencias sociales y digitales que avanzan muy r\u00e1pido en el tiempo y que son b\u00e1sicas para facilitar la comprensi\u00f3n de los acontecimientos sociales y la comunicaci\u00f3n intergeneracional.<\/li>\n<li>Disfrutar de las manifestaciones sociales y culturales del entorno, mediante no s\u00f3lo la contemplaci\u00f3n sino tambi\u00e9n la participaci\u00f3n social y de promoci\u00f3n activa en un marco universitario y en un entorno de globalizaci\u00f3n del conocimiento.<\/li>\n<\/ul>\n<div class=\"row\">\n<div class=\"col-lg-4\">\n<div class=\"card\" style=\"min-width: 25%; border-color: #ed6e00;\">\n<p><img decoding=\"async\" class=\"card-img-top\" src=\"\/wp-content\/uploads\/2021\/04\/pum.jpg\" alt=\"Formaci\u00f3n para mayores\" \/><\/p>\n<div class=\"card-body\">\n<p class=\"header-list\">Programa UNIVERSITARIO de mayores<\/p>\n<p>Formaci\u00f3n para las personas que mantienen el entusiasmo por seguir aprendiendo y por adquirir una mayor comprensi\u00f3n y participaci\u00f3n en la sociedad actual<\/p>\n<p class=\"mb-2\"><a class=\"btn btn-primary btn-icon\" style=\"text-transform: none!important;\" href=\"\/es\/campus-abierto\/programa-universitario-de-mayores\/\" rel=\"noopener noreferrer\">M\u00e1s informaci\u00f3n<\/a><\/p>\n<\/div>\n<\/div>\n<\/div>\n<\/div>\n<p>&nbsp;<\/p>\n<p>Pulsando en este enlace puedes descargar el <a href=\"\/docs\/TRIPTICO_programa_de_maiores_2022.pdf\">tr\u00edptico del programa de mayores<\/a><\/p>\n<p><a href=\"\/docs\/TRIPTICO_programa_de_maiores_2022.pdf\" target=\"_blank\" rel=\"noopener noreferrer\"><img loading=\"lazy\" decoding=\"async\" class=\"alignnone size-full wp-image-118388\" src=\"\/wp-content\/uploads\/2022\/04\/Portada_Triptico_PUM_pq5.jpg\" alt=\"\" width=\"142\" height=\"140\" \/><\/a><\/p>\n<div class=\"custom-block graylight\">\n<p>Si tienes una actividad, una materia o cualquier otra iniciativa enmarcable dentro del Programa Universitario de Mayores, no dudes en contactar con nosotros a trav\u00e9s del siguiente formulario:<\/p>\n<p class=\"mb-2\"><a class=\"btn btn-primary btn-icon\" style=\"text-transform: none!important;\" href=\"https:\/\/secretaria.uvigo.gal\/uv\/web\/formularios\/encuesta\/cubrir_paso1\/2919\" rel=\"noopener noreferrer\">Solicitud de propuesta formativa<\/a><\/p>\n<\/div>\n","protected":false},"excerpt":{"rendered":"<p>\u00abPara que las personas mantengan la ilusi\u00f3n por seguir aprendiendo despu\u00e9s de completar su trayectoria profesional\u00bb &nbsp; El Programa Universitario de Mayores busca garantizar una &hellip; <a class=\"excerpt_more\" href=\"https:\/\/cpfp.uvigo.gal\/es\/destinatarios\/formacion-para-mayores\/\">Contin\u00faa<\/a><\/p>\n","protected":false},"author":2,"featured_media":0,"parent":35165,"menu_order":40,"comment_status":"closed","ping_status":"closed","template":"views\/template-fullwidth.blade.php","meta":{"_monsterinsights_skip_tracking":false,"_monsterinsights_sitenote_active":false,"_monsterinsights_sitenote_note":"","_monsterinsights_sitenote_category":0,"footnotes":""},"class_list":["post-86362","page","type-page","status-publish","hentry"],"_links":{"self":[{"href":"https:\/\/cpfp.uvigo.gal\/es\/wp-json\/wp\/v2\/pages\/86362","targetHints":{"allow":["GET"]}}],"collection":[{"href":"https:\/\/cpfp.uvigo.gal\/es\/wp-json\/wp\/v2\/pages"}],"about":[{"href":"https:\/\/cpfp.uvigo.gal\/es\/wp-json\/wp\/v2\/types\/page"}],"author":[{"embeddable":true,"href":"https:\/\/cpfp.uvigo.gal\/es\/wp-json\/wp\/v2\/users\/2"}],"replies":[{"embeddable":true,"href":"https:\/\/cpfp.uvigo.gal\/es\/wp-json\/wp\/v2\/comments?post=86362"}],"version-history":[{"count":0,"href":"https:\/\/cpfp.uvigo.gal\/es\/wp-json\/wp\/v2\/pages\/86362\/revisions"}],"up":[{"embeddable":true,"href":"https:\/\/cpfp.uvigo.gal\/es\/wp-json\/wp\/v2\/pages\/35165"}],"wp:attachment":[{"href":"https:\/\/cpfp.uvigo.gal\/es\/wp-json\/wp\/v2\/media?parent=86362"}],"curies":[{"name":"wp","href":"https:\/\/api.w.org\/{rel}","templated":true}]}}