
{"id":86364,"date":"2021-08-27T11:04:31","date_gmt":"2021-08-27T09:04:31","guid":{"rendered":"http:\/\/eafp.uvigo.gal\/campus-aberto\/formacion-e-innovacion-educativa\/"},"modified":"2026-03-11T12:42:38","modified_gmt":"2026-03-11T11:42:38","slug":"formacion-e-innovacion-educativa","status":"publish","type":"page","link":"https:\/\/cpfp.uvigo.gal\/es\/estudios\/formacion-e-innovacion-educativa\/","title":{"rendered":"Formaci\u00f3n e Innovaci\u00f3n Educativa"},"content":{"rendered":"<h3><img decoding=\"async\" src=\"\/wp-content\/uploads\/2021\/04\/id.jpg\" alt=\"formaci\u00f3n e innovaci\u00f3n docente\" \/><\/h3>\n<h3>La Formaci\u00f3n e Innovaci\u00f3n Educativa de la Universidade de Vigo es gestionada por el \u00c1rea de Formaci\u00f3n e Innovaci\u00f3n Educativa, dependiente del Centro de Posgrado y Formaci\u00f3n Permanente (CPFP)<\/h3>\n<p>&nbsp;<\/p>\n<h2>Formaci\u00f3n<\/h2>\n<p>El personal docente e investigador (PDI) tiene una triple funci\u00f3n en la universidad: ense\u00f1ar, investigar y gestionar. Por sus complejas atribuciones necesita que su formaci\u00f3n sea muy completa y est\u00e9 permanentemente actualizada.<br \/>\nLa formaci\u00f3n del profesorado tiene como cercene la formaci\u00f3n did\u00e1ctica en competencias docentes universitarias.<br \/>\nLa Universidade de Vigo gestiona la formaci\u00f3n del profesorado a trav\u00e9s de las siguientes actuaciones:<\/p>\n<ul class=\"list-peak\">\n<li>Programa de Formaci\u00f3n Permanente del Profesorado<\/li>\n<\/ul>\n<p class=\"mb-2\"><a class=\"btn btn-outline-primary btn-icon\" style=\"text-transform: none!important;\" href=\"formacion\">M\u00e1s informaci\u00f3n<\/a><\/p>\n<h2>Innovaci\u00f3n Educativa<\/h2>\n<p>Innovar supone \u201cinsertar variaciones como el resultado de un proceso de evaluaci\u00f3n y ajuste del que se est\u00e1 haciendo\u201d (Zabalza, 2003), es decir, insertar cambios justificados que mejoren la calidad del proceso de ense\u00f1anza-aprendizaje.<br \/>\nSupone aplicar un enfoque flexible, tener un conocimiento actual de los procedimientos que se que pretenden mejorar y acompa\u00f1arse de un sistema de documentaci\u00f3n, supervisi\u00f3n y evaluaci\u00f3n.<br \/>\nLas innovaciones tienen que ser pr\u00e1cticas y viables y que se materialicen en propuestas tangibles que se puedan presentar como resultados para compartir con los dem\u00e1s profesores\/as y ser sometidas a debate. Adem\u00e1s no se limitan a actuaciones aisladas sino que evolucionan para ser incorporadas en el curr\u00edculum formativo.<br \/>\nLa Universidad de Vigo gestiona la Innovaci\u00f3n Educativa a trav\u00e9s de las siguientes actuaciones:<\/p>\n<ul class=\"list-peak\">\n<li>Grupos de Innovaci\u00f3n Docente<\/li>\n<\/ul>\n<p class=\"mb-2\"><a class=\"btn btn-outline-primary btn-icon\" style=\"text-transform: none!important;\" href=\"gid\">M\u00e1s informaci\u00f3n<\/a><\/p>\n<p>&nbsp;<\/p>\n","protected":false},"excerpt":{"rendered":"<p>La Formaci\u00f3n e Innovaci\u00f3n Educativa de la Universidade de Vigo es gestionada por el \u00c1rea de Formaci\u00f3n e Innovaci\u00f3n Educativa, dependiente del Centro de Posgrado &hellip; <a class=\"excerpt_more\" href=\"https:\/\/cpfp.uvigo.gal\/es\/estudios\/formacion-e-innovacion-educativa\/\">Contin\u00faa<\/a><\/p>\n","protected":false},"author":2,"featured_media":0,"parent":35169,"menu_order":35,"comment_status":"closed","ping_status":"closed","template":"views\/template-fullwidth.blade.php","meta":{"_monsterinsights_skip_tracking":false,"_monsterinsights_sitenote_active":false,"_monsterinsights_sitenote_note":"","_monsterinsights_sitenote_category":0,"footnotes":""},"class_list":["post-86364","page","type-page","status-publish","hentry"],"_links":{"self":[{"href":"https:\/\/cpfp.uvigo.gal\/es\/wp-json\/wp\/v2\/pages\/86364","targetHints":{"allow":["GET"]}}],"collection":[{"href":"https:\/\/cpfp.uvigo.gal\/es\/wp-json\/wp\/v2\/pages"}],"about":[{"href":"https:\/\/cpfp.uvigo.gal\/es\/wp-json\/wp\/v2\/types\/page"}],"author":[{"embeddable":true,"href":"https:\/\/cpfp.uvigo.gal\/es\/wp-json\/wp\/v2\/users\/2"}],"replies":[{"embeddable":true,"href":"https:\/\/cpfp.uvigo.gal\/es\/wp-json\/wp\/v2\/comments?post=86364"}],"version-history":[{"count":1,"href":"https:\/\/cpfp.uvigo.gal\/es\/wp-json\/wp\/v2\/pages\/86364\/revisions"}],"predecessor-version":[{"id":286303,"href":"https:\/\/cpfp.uvigo.gal\/es\/wp-json\/wp\/v2\/pages\/86364\/revisions\/286303"}],"up":[{"embeddable":true,"href":"https:\/\/cpfp.uvigo.gal\/es\/wp-json\/wp\/v2\/pages\/35169"}],"wp:attachment":[{"href":"https:\/\/cpfp.uvigo.gal\/es\/wp-json\/wp\/v2\/media?parent=86364"}],"curies":[{"name":"wp","href":"https:\/\/api.w.org\/{rel}","templated":true}]}}