
{"id":35170,"date":"2021-01-19T13:36:53","date_gmt":"2021-01-19T12:36:53","guid":{"rendered":"http:\/\/eafp.webs.uvigo.es\/?page_id=35170"},"modified":"2023-06-01T23:17:43","modified_gmt":"2023-06-01T21:17:43","slug":"aulas-abertas","status":"publish","type":"page","link":"https:\/\/cpfp.uvigo.gal\/gl\/estudos\/aulas-abertas\/","title":{"rendered":"Aulas Abertas"},"content":{"rendered":"<p><img decoding=\"async\" src=\"\/wp-content\/uploads\/2021\/04\/aa.jpg\" alt=\"aulas abertas\" \/><\/p>\n<h3>Formaci\u00f3n telem\u00e1tica de balde e aberta a todas as persoas e niveis<\/h3>\n<p>&nbsp;<\/p>\n<div class=\"uvigo-slide__item\" style=\"background-image: url('http:\/\/eafp.uvigo.gal\/wp-content\/uploads\/2021\/02\/area02.jpg')\">\n<div class=\"uvigo-slide__item__content\">\n<div class=\"container\">\n<div class=\"row\">\n<div class=\"col\" style=\"background-color:rgba(0, 0, 0, 0.5);\">\n<p>&nbsp;<\/p>\n<h2 style=\"color:white\">\u00c1mbito ciencias da sa\u00fade<\/h2>\n<p>&nbsp;<\/p>\n<\/div>\n<\/div>\n<p>&nbsp;<\/p>\n<\/p><\/div>\n<\/p><\/div>\n<\/p><\/div>\n<div class=\"row\">\n<div class=\"col-lg-4\">\n<div class=\"card\" style=\"min-width: 25%;border-color:#e61794\">\n<div class=\"card-body\">\n\t\t\t\t<small style=\"color:#e61794\">MOOC<\/small><\/p>\n<h3 class=\"card-title\"><a href=\"biomateriais-do-concepto-a-clinica\">Biomateriais, do concepto \u00e1 cl\u00ednica (6\u00aa edici\u00f3n)<\/a><\/h3>\n<\/p><\/div>\n<div class=\"card-footer\" style=\"background-color:#fff\">\n\t\t\t\t<small style=\"padding-left:10px\"><i class=\"fa fa-user\" aria-hidden=\"true\"><\/i> en li\u00f1a | <i class=\"fa fa-calendar\"><\/i> 01\/09\/2022 | <i class=\"fa fa-university\" aria-hidden=\"true\"><\/i> 1 ECTS<\/small>\n\t\t\t<\/div>\n<\/p><\/div>\n<p>&nbsp;<\/p>\n<\/p><\/div>\n<\/div>\n<p>&nbsp;<\/p>\n<div class=\"uvigo-slide__item\" style=\"background-image: url('http:\/\/eafp.uvigo.gal\/wp-content\/uploads\/2021\/02\/area03.jpg')\">\n<div class=\"uvigo-slide__item__content\">\n<div class=\"container\">\n<div class=\"row\">\n<div class=\"col\" style=\"background-color:rgba(0, 0, 0, 0.5);\">\n<p>&nbsp;<\/p>\n<h2 style=\"color:white\">\u00c1mbito human\u00edstico<\/h2>\n<p>&nbsp;<\/p>\n<\/div>\n<\/div>\n<p>&nbsp;<\/p>\n<\/p><\/div>\n<\/p><\/div>\n<\/p><\/div>\n<div class=\"row\">\n<div class=\"col-lg-4\">\n<div class=\"card\" style=\"min-width: 25%;border-color:#ed6e00\">\n<div class=\"card-body\">\n\t\t\t\t<small style=\"color:#ed6e00\">MOOC<\/small><\/p>\n<h3 class=\"card-title\"><a href=\"aula-internacional\">Aula Internacional de Estudos Hisp\u00e1nicos en Teor\u00eda da Literatura e Literatura Comparada<\/a><\/h3>\n<\/p><\/div>\n<div class=\"card-footer\" style=\"background-color:#fff\">\n\t\t\t\t<small style=\"padding-left:10px\"><i class=\"fa fa-user\" aria-hidden=\"true\"><\/i> en li\u00f1a | <i class=\"fa fa-calendar\"><\/i> permanente | <i class=\"fa fa-university\" aria-hidden=\"true\"><\/i> 1 ECTS<\/small>\n\t\t\t<\/div>\n<\/p><\/div>\n<p>&nbsp;<\/p>\n<\/p><\/div>\n<\/div>\n<p>&nbsp;<\/p>\n<p><!--\n\n\n<div id=\"accordion\" class=\"accordion\" role=\"tablist\" aria-multiselectable=\"true\" >\n\t\n\n<div class=\"card\" style=\"margin-top:-5px\">\n\t\t\n\n<div class=\"card-header\">\n\t\t\t<a class=\"collapse h3 collapsed\" data-toggle=\"collapse\" data-parent=\"#accordion\" href=\"#literatura\" aria-controls=\"literatura\">Aula Internacional de Estudos Hisp\u00e1nicos en Teor\u00eda da Literatura e Literatura Comparada<\/a>\n\t\t<\/div>\n\n\n\t\t\n\n<div id=\"literatura\" class=\"collapse\" data-parent=\"#accordion\">\n\t\t\t\n\n<div class=\"card-body\">\n\nOBXECTIVOS\nEsta aula est\u00e1 especializada en Estudos Hisp\u00e1nicos, e ten como finalidade satisfacer unha demanda de potenciais espectadores falantes de espa\u00f1ol, formada por estudantes e profesionais principalmente de Espa\u00f1a, e Hispanoam\u00e9rica, as\u00ed como Hispanistas de Estados Unidos, Canad\u00e1, Europa e Asia.\nOrientada a un sector de p\u00fablico moi aberto, que ten interese nos estudos literarios desde o punto de vista da creaci\u00f3n literaria e da denominada escritura creativa, materia que forma parte dos plans de estudos vixentes actualmente en numerosos graos.\n\nProfesorado:\nJes\u00fas G. Maestro\nProfesor de Teor\u00eda da Literatura e Literatura Comparada\n\u00c1rea de Teor\u00eda da Literatura e Literatura Comparada\nFacultade de Filolox\u00eda e Traduci\u00f3n\n\nDisponibilidade: Permanente\n\n\nVisibilidade dos \u00faltimos videos mediante reproductor e \nEnlace aos recursos MOOC: https:\/\/www.youtube.com\/user\/EdAcHispanismo\n\n\n\t\t\t<\/div>\n\n\n\t\t<\/div>\n\n\n\t<\/div>\n\n\n<\/div>\n\n\n--><\/p>\n","protected":false},"excerpt":{"rendered":"<p>Formaci\u00f3n telem\u00e1tica de balde e aberta a todas as persoas e niveis &nbsp; &nbsp; \u00c1mbito ciencias da sa\u00fade &nbsp; &nbsp; MOOC Biomateriais, do concepto \u00e1 &hellip; <a class=\"excerpt_more\" href=\"https:\/\/cpfp.uvigo.gal\/gl\/estudos\/aulas-abertas\/\">Continuar<\/a><\/p>\n","protected":false},"author":2,"featured_media":0,"parent":35166,"menu_order":50,"comment_status":"closed","ping_status":"closed","template":"views\/template-fullwidth.blade.php","meta":{"_monsterinsights_skip_tracking":false,"_monsterinsights_sitenote_active":false,"_monsterinsights_sitenote_note":"","_monsterinsights_sitenote_category":0,"footnotes":""},"class_list":["post-35170","page","type-page","status-publish","hentry"],"_links":{"self":[{"href":"https:\/\/cpfp.uvigo.gal\/gl\/wp-json\/wp\/v2\/pages\/35170","targetHints":{"allow":["GET"]}}],"collection":[{"href":"https:\/\/cpfp.uvigo.gal\/gl\/wp-json\/wp\/v2\/pages"}],"about":[{"href":"https:\/\/cpfp.uvigo.gal\/gl\/wp-json\/wp\/v2\/types\/page"}],"author":[{"embeddable":true,"href":"https:\/\/cpfp.uvigo.gal\/gl\/wp-json\/wp\/v2\/users\/2"}],"replies":[{"embeddable":true,"href":"https:\/\/cpfp.uvigo.gal\/gl\/wp-json\/wp\/v2\/comments?post=35170"}],"version-history":[{"count":0,"href":"https:\/\/cpfp.uvigo.gal\/gl\/wp-json\/wp\/v2\/pages\/35170\/revisions"}],"up":[{"embeddable":true,"href":"https:\/\/cpfp.uvigo.gal\/gl\/wp-json\/wp\/v2\/pages\/35166"}],"wp:attachment":[{"href":"https:\/\/cpfp.uvigo.gal\/gl\/wp-json\/wp\/v2\/media?parent=35170"}],"curies":[{"name":"wp","href":"https:\/\/api.w.org\/{rel}","templated":true}]}}