
{"id":35245,"date":"2021-01-25T11:45:40","date_gmt":"2021-01-25T10:45:40","guid":{"rendered":"http:\/\/eafp.webs.uvigo.es\/?page_id=35245"},"modified":"2025-06-18T13:21:34","modified_gmt":"2025-06-18T11:21:34","slug":"empresas","status":"publish","type":"page","link":"https:\/\/cpfp.uvigo.gal\/gl\/destinatarios\/empresas\/","title":{"rendered":"Formaci\u00f3n para profesionais e empresas"},"content":{"rendered":"<h3 class=\"text-center\">Unha oportunidade para a formaci\u00f3n e reciclaxe das persoas traballadoras<\/h3>\n<p>O Centro de Posgrao e Formaci\u00f3n Permanente imparte cursos de formaci\u00f3n en colaboraci\u00f3n coas empresas, entidades e instituci\u00f3ns, como f\u00f3rmula para responder as demandas formativas relacionadas co emprego.<\/p>\n<p>Os t\u00edtulos propios, polas s\u00faas caracter\u00edsticas de flexibilidade e autonom\u00eda, permiten dese\u00f1ar de forma \u00e1xil actividades formativas adaptadas \u00e1s necesidades de cada empresa cunha garant\u00eda de calidade avalada pola Universidade de Vigo.<\/p>\n<p>As acci\u00f3ns formativas poden estar orientados a traballadores sen titulaci\u00f3n universitaria previa ou a graduados universitarios que necesitan unha reciclaxe profesional ou adquirir competencias novas ou altamente especializadas que demanda o sector empresarial<\/p>\n<p>Todos os programas formativos, tanto abertos como a medida, conlevan un t\u00edtulo <span style=\"font-size: 1rem;\">ou <\/span><span style=\"font-size: 1rem;\">diploma emitido pola Universidade de Vigo.<\/span><\/p>\n<h3 class=\"text-center\">Aberta a convocatoria de financiaci\u00f3n para a solicitude de microcredenciais universitarias<\/h3>\n<p>Xa est\u00e1 aberta a convocatoria de axudas para financiar a produci\u00f3n e impartici\u00f3n de microcredenciais universitarias destinadas a cubrir as necesidades de recualificaci\u00f3n e a mellora a empregabilidade da poboaci\u00f3n de 25 a 64 anos.<\/p>\n<p class=\"mb-2\"><a class=\"btn btn-outline-primary btn-icon\" style=\"text-transform: none;\" href=\"https:\/\/cpfp.uvigo.gal\/gl\/aberta-a-convocatoria-de-solicitude-de-microcredenciais-universitarias\/\" target=\"_blank\" rel=\"noopener noreferrer\">M\u00e1is informaci\u00f3n<\/a><\/p>\n<p>&nbsp;<\/p>\n<div class=\"row\">\n<div class=\"col-lg-4\">\n<div class=\"card\" style=\"min-width: 25%; border-color: #ed6e00;\">\n<p><img decoding=\"async\" class=\"card-img-top\" src=\"\/wp-content\/uploads\/2021\/04\/tp.jpg\" alt=\"t\u00edtulos propios\" \/><\/p>\n<div class=\"card-body\">\n<p class=\"header-list\">T\u00edtulos propios<\/p>\n<p class=\"card-text\">Podes consultar a oferta actual de estudos orientados \u00e1 especializaci\u00f3n profesional<\/p>\n<p>&nbsp;<\/p>\n<p class=\"mb-2\"><a class=\"btn btn-primary btn-icon\" style=\"text-transform: none!important;\" href=\"\/campus-aberto\/titulos-propios\/\" rel=\"noopener noreferrer\">M\u00e1is informaci\u00f3n<\/a><\/p>\n<\/div>\n<\/div>\n<\/div>\n<div class=\"col-lg-4\">\n<div class=\"card\" style=\"min-width: 25%; border-color: #ed6e00;\">\n<p><img decoding=\"async\" class=\"card-img-top\" src=\"\/wp-content\/uploads\/2021\/05\/fad.jpg\" alt=\"formaci\u00f3n a demanda\" \/><\/p>\n<div class=\"card-body\">\n<p class=\"header-list\">Formaci\u00f3n a demanda<\/p>\n<p class=\"card-text\">Formaci\u00f3n adaptadas \u00e1s necesidades concretas de traballadores de empresas, instituci\u00f3ns ou outras entidades<\/p>\n<p>&nbsp;<\/p>\n<p class=\"mb-2\"><a class=\"btn btn-primary btn-icon\" style=\"text-transform: none!important;\" href=\"\/participa\/formacion-a-demanda\/\" rel=\"noopener noreferrer\">M\u00e1is informaci\u00f3n<\/a><\/p>\n<\/div>\n<\/div>\n<\/div>\n<\/div>\n<p>&nbsp;<\/p>\n<p>Estas formaci\u00f3ns poden ser bonificadas. Para mais informaci\u00f3n visita a p\u00e1xina web da <a href=\"https:\/\/www.fundae.es\/empresas\" target=\"_blank\" rel=\"noopener noreferrer\">Fundae <i class=\"fa fa-external-link\"><\/i><\/a><\/p>\n<p>&nbsp;<\/p>\n<div class=\"custom-block graylight\">\n<p><strong>EN QUE PODEMOS AXUDARCHE?<\/strong><\/p>\n<p>Se desexas obter m\u00e1is informaci\u00f3n contacta con n\u00f3s:<\/p>\n<p class=\"mb-2\"><a class=\"btn btn-primary btn-icon\" style=\"text-transform: none!important;\" href=\"\/o-centro\/contacto\/\" rel=\"noopener noreferrer\">Formulario de contacto<\/a><\/p>\n<\/div>\n","protected":false},"excerpt":{"rendered":"<p>Unha oportunidade para a formaci\u00f3n e reciclaxe das persoas traballadoras O Centro de Posgrao e Formaci\u00f3n Permanente imparte cursos de formaci\u00f3n en colaboraci\u00f3n coas empresas, &hellip; <a class=\"excerpt_more\" href=\"https:\/\/cpfp.uvigo.gal\/gl\/destinatarios\/empresas\/\">Continuar<\/a><\/p>\n","protected":false},"author":2,"featured_media":0,"parent":35162,"menu_order":30,"comment_status":"closed","ping_status":"closed","template":"views\/template-fullwidth.blade.php","meta":{"_monsterinsights_skip_tracking":false,"_monsterinsights_sitenote_active":false,"_monsterinsights_sitenote_note":"","_monsterinsights_sitenote_category":0,"footnotes":""},"class_list":["post-35245","page","type-page","status-publish","hentry"],"_links":{"self":[{"href":"https:\/\/cpfp.uvigo.gal\/gl\/wp-json\/wp\/v2\/pages\/35245","targetHints":{"allow":["GET"]}}],"collection":[{"href":"https:\/\/cpfp.uvigo.gal\/gl\/wp-json\/wp\/v2\/pages"}],"about":[{"href":"https:\/\/cpfp.uvigo.gal\/gl\/wp-json\/wp\/v2\/types\/page"}],"author":[{"embeddable":true,"href":"https:\/\/cpfp.uvigo.gal\/gl\/wp-json\/wp\/v2\/users\/2"}],"replies":[{"embeddable":true,"href":"https:\/\/cpfp.uvigo.gal\/gl\/wp-json\/wp\/v2\/comments?post=35245"}],"version-history":[{"count":2,"href":"https:\/\/cpfp.uvigo.gal\/gl\/wp-json\/wp\/v2\/pages\/35245\/revisions"}],"predecessor-version":[{"id":249097,"href":"https:\/\/cpfp.uvigo.gal\/gl\/wp-json\/wp\/v2\/pages\/35245\/revisions\/249097"}],"up":[{"embeddable":true,"href":"https:\/\/cpfp.uvigo.gal\/gl\/wp-json\/wp\/v2\/pages\/35162"}],"wp:attachment":[{"href":"https:\/\/cpfp.uvigo.gal\/gl\/wp-json\/wp\/v2\/media?parent=35245"}],"curies":[{"name":"wp","href":"https:\/\/api.w.org\/{rel}","templated":true}]}}