
{"id":35254,"date":"2021-01-25T11:46:47","date_gmt":"2021-01-25T10:46:47","guid":{"rendered":"http:\/\/eafp.webs.uvigo.es\/?page_id=35254"},"modified":"2024-02-07T15:12:12","modified_gmt":"2024-02-07T14:12:12","slug":"estudantes","status":"publish","type":"page","link":"https:\/\/cpfp.uvigo.gal\/gl\/destinatarios\/estudantes\/","title":{"rendered":"Formaci\u00f3n para estudantes"},"content":{"rendered":"<h3 class=\"text-center\">\u201cReforza as t\u00faas competencias e habilidades para o futuro mercado laboral&#8221;<\/h3>\n<p>&nbsp;<\/p>\n<p>A Universidade de Vigo ofrece un cat\u00e1logo de t\u00edtulos propios orientados \u00e1 especializaci\u00f3n acad\u00e9mica ou profesional en diferentes \u00e1mbitos de co\u00f1ecemento. Estes estudos achegan novas competencias aos estudantes facilitando a s\u00faa inserci\u00f3n laboral e o emprendemento.<\/p>\n<p>Os requisitos de admisi\u00f3n dependen das caracter\u00edsticas de cada curso pero, tanto se es estudante como titulado, podes acceder a diferentes formaci\u00f3ns que permiten obter t\u00edtulos ou diplomas emitidos pola Universidade de Vigo.<\/p>\n<p>&nbsp;<\/p>\n<div class=\"row\">\n<div class=\"col-lg-4\">\n<div class=\"card\" style=\"min-width: 25%; border-color: #ed6e00;\">\n<img decoding=\"async\" class=\"card-img-top\" src=\"\/wp-content\/uploads\/2021\/04\/tp.jpg\" alt=\"t\u00edtulos propios\" \/><\/p>\n<div class=\"card-body\">\n<p class=\"header-list\">T\u00edtulos propios<\/p>\n<p class=\"card-text\">Estudos orientados \u00e1 especializaci\u00f3n acad\u00e9mica e profesional en contornas de evoluci\u00f3n constante<\/p>\n<p>&nbsp;<\/p>\n<p class=\"mb-2\"><a class=\"btn btn-primary btn-icon\" style=\"text-transform: none!important;\" href=\"\/campus-aberto\/titulos-propios\/\" rel=\"noopener noreferrer\">M\u00e1is informaci\u00f3n<\/a><\/p>\n<\/div>\n<\/div>\n<\/div>\n<\/div>\n<p>&nbsp;<\/p>\n<div class=\"custom-block graylight\">\n<p><strong>QUE QUERES APRENDER?<\/strong><\/p>\n<p>Se es estudante e desexas actualizar o teu co\u00f1ecementos nun \u00e1mbito educativo concreto e non o atopas no noso cat\u00e1logo, non dubides en contactar connosco<\/p>\n<p class=\"mb-2\"><a class=\"btn btn-primary btn-icon\" style=\"text-transform: none!important;\" href=\"\/o-centro\/contacto\/\" rel=\"noopener noreferrer\">Formulario de contacto<\/a><\/p>\n<\/div>\n","protected":false},"excerpt":{"rendered":"<p>\u201cReforza as t\u00faas competencias e habilidades para o futuro mercado laboral&#8221; &nbsp; A Universidade de Vigo ofrece un cat\u00e1logo de t\u00edtulos propios orientados \u00e1 especializaci\u00f3n &hellip; <a class=\"excerpt_more\" href=\"https:\/\/cpfp.uvigo.gal\/gl\/destinatarios\/estudantes\/\">Continuar<\/a><\/p>\n","protected":false},"author":2,"featured_media":0,"parent":35162,"menu_order":10,"comment_status":"closed","ping_status":"closed","template":"views\/template-fullwidth.blade.php","meta":{"_monsterinsights_skip_tracking":false,"_monsterinsights_sitenote_active":false,"_monsterinsights_sitenote_note":"","_monsterinsights_sitenote_category":0,"footnotes":""},"class_list":["post-35254","page","type-page","status-publish","hentry"],"_links":{"self":[{"href":"https:\/\/cpfp.uvigo.gal\/gl\/wp-json\/wp\/v2\/pages\/35254","targetHints":{"allow":["GET"]}}],"collection":[{"href":"https:\/\/cpfp.uvigo.gal\/gl\/wp-json\/wp\/v2\/pages"}],"about":[{"href":"https:\/\/cpfp.uvigo.gal\/gl\/wp-json\/wp\/v2\/types\/page"}],"author":[{"embeddable":true,"href":"https:\/\/cpfp.uvigo.gal\/gl\/wp-json\/wp\/v2\/users\/2"}],"replies":[{"embeddable":true,"href":"https:\/\/cpfp.uvigo.gal\/gl\/wp-json\/wp\/v2\/comments?post=35254"}],"version-history":[{"count":0,"href":"https:\/\/cpfp.uvigo.gal\/gl\/wp-json\/wp\/v2\/pages\/35254\/revisions"}],"up":[{"embeddable":true,"href":"https:\/\/cpfp.uvigo.gal\/gl\/wp-json\/wp\/v2\/pages\/35162"}],"wp:attachment":[{"href":"https:\/\/cpfp.uvigo.gal\/gl\/wp-json\/wp\/v2\/media?parent=35254"}],"curies":[{"name":"wp","href":"https:\/\/api.w.org\/{rel}","templated":true}]}}