
{"id":35331,"date":"2021-01-27T16:20:20","date_gmt":"2021-01-27T15:20:20","guid":{"rendered":"http:\/\/eafp.uvigo.gal\/?page_id=35331"},"modified":"2021-05-04T10:03:30","modified_gmt":"2021-05-04T08:03:30","slug":"formacion-a-demanda","status":"publish","type":"page","link":"https:\/\/cpfp.uvigo.gal\/gl\/participa\/formacion-a-demanda\/","title":{"rendered":"Solicita Formaci\u00f3n a demanda"},"content":{"rendered":"<p><img decoding=\"async\" src=\"\/wp-content\/uploads\/2021\/05\/fad.jpg\" alt=\"formaci\u00f3n a demanda\" \/><\/p>\n<p>Consulta o cat\u00e1logo de t\u00edtulos propios e se non atopas un en especial, a Universidade pode organizar cursos formativos baixo demanda ou in Company que se adapten \u00e1s necesidades de cada  profesional ou de cada empresa. <\/p>\n<p class=\"mb-2\"><a class=\"btn btn-primary btn-icon\" style=\"text-transform: none!important;\" href=\"\/gl\/campus-aberto\/titulos-propios\/\" rel=\"noopener noreferrer\">Consulta o cat\u00e1logo<\/a><\/p>\n<p>&nbsp;<br \/>\nSe a formaci\u00f3n que desexas non aparece no noso cat\u00e1logo, non dubides en po\u00f1erche en contacto connosco:<\/p>\n<p class=\"mb-2\"><a class=\"btn btn-primary btn-icon\" style=\"text-transform: none!important;\" href=\"\/gl\/a-escola\/contacto\/\" rel=\"noopener noreferrer\">Formulario de contacto<\/a><\/p>\n","protected":false},"excerpt":{"rendered":"<p>Consulta o cat\u00e1logo de t\u00edtulos propios e se non atopas un en especial, a Universidade pode organizar cursos formativos baixo demanda ou in Company que &hellip; <a class=\"excerpt_more\" href=\"https:\/\/cpfp.uvigo.gal\/gl\/participa\/formacion-a-demanda\/\">Continuar<\/a><\/p>\n","protected":false},"author":2,"featured_media":0,"parent":35399,"menu_order":30,"comment_status":"closed","ping_status":"closed","template":"views\/template-fullwidth.blade.php","meta":{"_monsterinsights_skip_tracking":false,"_monsterinsights_sitenote_active":false,"_monsterinsights_sitenote_note":"","_monsterinsights_sitenote_category":0,"footnotes":""},"class_list":["post-35331","page","type-page","status-publish","hentry"],"_links":{"self":[{"href":"https:\/\/cpfp.uvigo.gal\/gl\/wp-json\/wp\/v2\/pages\/35331","targetHints":{"allow":["GET"]}}],"collection":[{"href":"https:\/\/cpfp.uvigo.gal\/gl\/wp-json\/wp\/v2\/pages"}],"about":[{"href":"https:\/\/cpfp.uvigo.gal\/gl\/wp-json\/wp\/v2\/types\/page"}],"author":[{"embeddable":true,"href":"https:\/\/cpfp.uvigo.gal\/gl\/wp-json\/wp\/v2\/users\/2"}],"replies":[{"embeddable":true,"href":"https:\/\/cpfp.uvigo.gal\/gl\/wp-json\/wp\/v2\/comments?post=35331"}],"version-history":[{"count":0,"href":"https:\/\/cpfp.uvigo.gal\/gl\/wp-json\/wp\/v2\/pages\/35331\/revisions"}],"up":[{"embeddable":true,"href":"https:\/\/cpfp.uvigo.gal\/gl\/wp-json\/wp\/v2\/pages\/35399"}],"wp:attachment":[{"href":"https:\/\/cpfp.uvigo.gal\/gl\/wp-json\/wp\/v2\/media?parent=35331"}],"curies":[{"name":"wp","href":"https:\/\/api.w.org\/{rel}","templated":true}]}}