
{"id":36976,"date":"2021-03-14T20:35:22","date_gmt":"2021-03-14T19:35:22","guid":{"rendered":"http:\/\/eafp.webs.uvigo.es\/?page_id=36976"},"modified":"2023-06-01T23:30:43","modified_gmt":"2023-06-01T21:30:43","slug":"biomateriais-do-concepto-a-clinica","status":"publish","type":"page","link":"https:\/\/cpfp.uvigo.gal\/gl\/estudos\/aulas-abertas\/biomateriais-do-concepto-a-clinica\/","title":{"rendered":"Biomateriais, do concepto \u00e1 cl\u00ednica (6\u00aa edici\u00f3n)"},"content":{"rendered":"<p><iframe loading=\"lazy\" width=\"560\" height=\"315\" src=\"https:\/\/www.youtube.com\/embed\/g2PFi-SIOus\" frameborder=\"0\" allow=\"accelerometer; autoplay; clipboard-write; encrypted-media; gyroscope; picture-in-picture\" allowfullscreen><\/iframe><\/p>\n<div class=\"row\">\n<div class=\"col-lg-12\">\n<h3>MOOC<\/h3>\n<p class=\"header-list\">\u00c1mbito: Ciencias da sa\u00fade<span class=\"pull-right\">C\u00f3digo: FA022<\/span><\/p>\n<div class=\"custom-block graylight\">\n<div class=\"row\">\n<div class=\"col lg-4\">\n<h3>Datas<\/h3>\n<p><i class=\"fa fa-calendar\"><\/i> 01\/09\/2022 &#8211; 01\/01\/2023<\/p>\n<\/p><\/div>\n<div class=\"col lg-3\">\n<h3>Modalidade<\/h3>\n<p><i class=\"fa fa-adjust\" aria-hidden=\"true\"><\/i> En li\u00f1a<\/p>\n<\/p><\/div>\n<div class=\"col lg-2\">\n<h3>Cr\u00e9ditos<\/h3>\n<p><i class=\"fa fa-university\" aria-hidden=\"true\"><\/i> 1 ECTS<\/p>\n<\/p><\/div>\n<div class=\"col lg-3\">\n<h3>Campus<\/h3>\n<p><i class=\"fa fa-map-marker\" aria-hidden=\"true\"><\/i> Campus do Mar<\/p>\n<\/p><\/div>\n<\/p><\/div>\n<\/div><\/div>\n<\/p><\/div>\n<p>&nbsp;<\/p>\n<h2>Descrici\u00f3n<\/h2>\n<p>A posta en marcha deste MOOC responde \u00e1 necesidade de ofertar un curso aberto a aquelas persoas interesadas en ampliar os seus co\u00f1ecementos sobre biomateriais. Partindo de historias reais, o contido do curso at\u00f3pase dese\u00f1ado para proporcionar os conceptos b\u00e1sicos dos biomateriais en \u00edntima relaci\u00f3n coas principais aplicaci\u00f3ns m\u00e9dicas, contando para iso coa colaboraci\u00f3n de diferentes especialistas en diversas \u00e1reas cl\u00ednicas como a Cirurx\u00eda Ortop\u00e9dica e Traumatolox\u00eda, Odontolox\u00eda, Cardiolox\u00eda e Otorrinolaringolox\u00eda. Tendo en conta o continuo e acelerado proceso de investigaci\u00f3n no que se atopan mergullados os biomateriais, abordaremos os fundamentos das t\u00e9cnicas de produci\u00f3n, an\u00e1lise e protocolos m\u00e1is amplamente utilizados para o desenvolvemento dos mesmos, contando para iso coa colaboraci\u00f3n de t\u00e9cnicos especialistas. Como colof\u00f3n a este \u00e1mbito investigador introducirase a moderna enxe\u00f1er\u00eda de tecidos, como estratexia alternativa e complementaria \u00e1s xa existentes, facendo uso de exemplos concretos do propio grupo de investigaci\u00f3n, que coordina este curso.<\/p>\n<p>&nbsp;<\/p>\n<div class=\"row\">\n<div class=\"col-lg-6\">\n<p class=\"header-list\">Director\/a acad\u00e9mico<\/p>\n<p> Julia Serra Rodr\u00edguez, P\u00edo Gonz\u00e1lez <\/p>\n<p class=\"header-list\">Contacto<\/p>\n<p> Julia Serra Rodr\u00edguez<br \/>986 813 943 | <a href=\"mailto:jserra@uvigo.es\">jserra@uvigo.es<\/a><\/p>\n<\/p><\/div>\n<div class=\"col-lg-6\">\n<div class=\"card\">\n<div class=\"card-body\">\n<p class=\"header-list\">Per\u00edodo de matr\u00edcula:<\/p>\n<p>01\/07\/2022 0:00 &#8211; 28\/08\/2022 23:59<\/p>\n<\/p><\/div>\n<\/p><\/div>\n<p><\/p>\n<p class=\"mb-2\"><a class=\"btn btn-primary btn-icon disabled\" style=\"text-transform:none!important\" href=\"https:\/\/mooc.campusdomar.es\/courses\/course-v1:uvigo+FA022+2021\/about\" target=\"_blank\" rel=\"noopener noreferrer\">Inscrici\u00f3n pechada<\/a><\/p>\n<\/p><\/div>\n<\/div>\n<p>&nbsp;<\/p>\n<h2>Modalidade<\/h2>\n<div class=\"card\">\n<div class=\"row\">\n<div class=\"col lg-6\">\n<div class=\"card-body\">\n<h3 class=\"card-title\">Docencia presencial\/virtual<\/h3>\n<p><i class=\"fa fa-minus fa-3x\" aria-hidden=\"true\"><\/i><\/p>\n<p>0 horas<\/p>\n<\/p><\/div>\n<\/p><\/div>\n<div class=\"col lg-3\">\n<div class=\"card-body\">\n<h3 class=\"card-title\">Docencia non presencial<\/h3>\n<p style=\"color:green\"><i class=\"fa fa-check-square-o fa-3x\" aria-hidden=\"true\"><\/i><\/p>\n<p>15 horas<\/p>\n<\/p><\/div>\n<\/p><\/div>\n<div class=\"col lg-3\">\n<div class=\"card-body\">\n<h3 class=\"card-title\">Pr\u00e1cticas en empresa<\/h3>\n<p><i class=\"fa fa-minus fa-3x\" aria-hidden=\"true\"><\/i><\/p>\n<p>0 horas<\/p>\n<\/p><\/div>\n<\/p><\/div>\n<\/p><\/div>\n<div class=\"row\">\n<div class=\"col lg-12\">\n<div class=\"card-body\">\n<p><small><sup>(1)<\/sup> Docencia presencial\/virtual<br \/>\n<sup>(2)<\/sup> Docencia non presencial<\/small><\/p>\n<p><strong>Horario<\/strong><br \/>\nTr\u00e1tase dun curso totalmente en li\u00f1a, masivo, aberto a toda a comunidade impartido en espa\u00f1ol e cunha duraci\u00f3n aproximada de 15 horas que se pode seguir de maneira libre, complet\u00e1ndoo cada un ao seu ritmo, sen horarios establecidos.<\/p>\n<p><strong>Lugar de impartici\u00f3n<\/strong><br \/>\nCampus do Mar\n\t<\/div>\n<\/p><\/div>\n<\/p><\/div>\n<\/div>\n<p>&nbsp;<\/p>\n<h2>Prezos<\/h2>\n<table style=\"margin-left:0px;\" cellpadding=\"0\" cellspacing=\"0\">\n<thead>\n<tr>\n<th scope=\"col\" width=\"34%\">Comunidade UVigo<\/th>\n<th scope=\"col\" width=\"33%\">Alumni UVigo<\/th>\n<th scope=\"col\" width=\"33%\">P\u00fablico en xeral<\/th>\n<\/tr>\n<\/thead>\n<tbody>\n<tr>\n<td>0,00 \u20ac<\/td>\n<td>0,00 \u20ac<\/td>\n<td>0,00 \u20ac<\/td>\n<\/tr>\n<\/tbody>\n<\/table>\n<p>&nbsp;<\/p>\n<h2>Obxectivos<\/h2>\n<p>Partindo de historias reais, o contido do curso at\u00f3pase dese\u00f1ado para proporcionar os conceptos b\u00e1sicos dos biomateriais en \u00edntima relaci\u00f3n coas principais aplicaci\u00f3ns m\u00e9dicas, contando para iso coa colaboraci\u00f3n de diferentes especialistas en diversas \u00e1reas cl\u00ednicas como a Cirurx\u00eda Ortop\u00e9dica e Traumatolox\u00eda, Odontolox\u00eda, Cardiolox\u00eda e Otorrinolaringolox\u00eda.<\/p>\n<p>&nbsp;<\/p>\n<h2>Co\u00f1ecementos previos<\/h2>\n<p>Co\u00f1ecementos b\u00e1sicos da educaci\u00f3n secundaria.<\/p>\n<p>&nbsp;<\/p>\n<h2>Profesorado<\/h2>\n<ul class=\"list-peak\" style=\"margin-top:10px\">\n<li>Julia Serra Rodr\u00edguez \/ Doutora en Ciencias F\u00edsicas<\/li>\n<li>P\u00edo Gonz\u00e1lez \/ Doutor en Ciencias F\u00edsicas<\/li>\n<li>Stefano Chiussi \/ Doutor en Ciencias Qu\u00edmicas<\/li>\n<li>Miriam L\u00f3pez \u00c1lvarez \/ Doutora en Ciencias F\u00edsicas <\/li>\n<li>Elena Fern\u00e1ndez Burguera \/ Doutora en Ciencias dos Materiais <\/li>\n<li>Joana Magalhanes \/ Doctora en Ciencias Qu\u00edmicas<\/li>\n<li>Francisco J. Blanco \/ M\u00e9dico especialista en Reumatolox\u00eda<\/li>\n<li>H\u00e9lio Leite Aguiar \/ Doutor en Ciencias F\u00edsicas<\/li>\n<li>Jos\u00e9 Ram\u00f3n Caeiro Rey \/ M\u00e9dico Especialista en Cirurx\u00eda Ortop\u00e9dica e Traumatolox\u00eda<\/li>\n<li>Benigno Coello \/ M\u00e9dico Estomat\u00f3logo<\/li>\n<li>Roberto Vald\u00e9s Pons \/ M\u00e9dico especialista en Otorrinolaringolox\u00eda<\/li>\n<li>Paulino P\u00e9rez Feijo\u00f3 \/ Profesor de Comunicaci\u00f3n Audiovisual e Publicidade<\/li>\n<li>Javier Gonz\u00e1lez Costas \/ Xestor da Rede Galega de Biomateriais<\/li>\n<li>Carmen Serra Rodr\u00edguez \/ Doutora en Ciencias F\u00edsicas<\/li>\n<li>Eugenio Solla \/ Doutor en Ciencias F\u00edsicas<\/li>\n<\/ul>\n<p>&nbsp;<\/p>\n<h2>Bibliograf\u00eda recomendada<\/h2>\n<p>Para o curso recomendamos o libro Biomateriais: Dese\u00f1o, produci\u00f3n e caracterizaci\u00f3n editado pola Rede Galega de Biomateriais.<br \/>\n<a href=\"http:\/\/www.redegalegadebiomateriais.com\/libros-biomateriales\/\" target=\"_blank\" rel=\"noopener noreferrer\">Descarga o libro<\/a><\/p>\n","protected":false},"excerpt":{"rendered":"<p>MOOC \u00c1mbito: Ciencias da sa\u00fadeC\u00f3digo: FA022 Datas 01\/09\/2022 &#8211; 01\/01\/2023 Modalidade En li\u00f1a Cr\u00e9ditos 1 ECTS Campus Campus do Mar &nbsp; Descrici\u00f3n A posta en &hellip; <a class=\"excerpt_more\" href=\"https:\/\/cpfp.uvigo.gal\/gl\/estudos\/aulas-abertas\/biomateriais-do-concepto-a-clinica\/\">Continuar<\/a><\/p>\n","protected":false},"author":2,"featured_media":0,"parent":35170,"menu_order":10,"comment_status":"closed","ping_status":"closed","template":"views\/template-fullwidth.blade.php","meta":{"_monsterinsights_skip_tracking":false,"_monsterinsights_sitenote_active":false,"_monsterinsights_sitenote_note":"","_monsterinsights_sitenote_category":0,"footnotes":""},"class_list":["post-36976","page","type-page","status-publish","hentry"],"_links":{"self":[{"href":"https:\/\/cpfp.uvigo.gal\/gl\/wp-json\/wp\/v2\/pages\/36976","targetHints":{"allow":["GET"]}}],"collection":[{"href":"https:\/\/cpfp.uvigo.gal\/gl\/wp-json\/wp\/v2\/pages"}],"about":[{"href":"https:\/\/cpfp.uvigo.gal\/gl\/wp-json\/wp\/v2\/types\/page"}],"author":[{"embeddable":true,"href":"https:\/\/cpfp.uvigo.gal\/gl\/wp-json\/wp\/v2\/users\/2"}],"replies":[{"embeddable":true,"href":"https:\/\/cpfp.uvigo.gal\/gl\/wp-json\/wp\/v2\/comments?post=36976"}],"version-history":[{"count":0,"href":"https:\/\/cpfp.uvigo.gal\/gl\/wp-json\/wp\/v2\/pages\/36976\/revisions"}],"up":[{"embeddable":true,"href":"https:\/\/cpfp.uvigo.gal\/gl\/wp-json\/wp\/v2\/pages\/35170"}],"wp:attachment":[{"href":"https:\/\/cpfp.uvigo.gal\/gl\/wp-json\/wp\/v2\/media?parent=36976"}],"curies":[{"name":"wp","href":"https:\/\/api.w.org\/{rel}","templated":true}]}}