
{"id":37518,"date":"2021-03-24T10:15:20","date_gmt":"2021-03-24T09:15:20","guid":{"rendered":"http:\/\/eafp.uvigo.gal\/?page_id=37518"},"modified":"2024-02-08T08:47:21","modified_gmt":"2024-02-08T07:47:21","slug":"formacion-para-maiores","status":"publish","type":"page","link":"https:\/\/cpfp.uvigo.gal\/gl\/destinatarios\/formacion-para-maiores\/","title":{"rendered":"Formaci\u00f3n para maiores"},"content":{"rendered":"<h3 style=\"text-align: center;\">&#8220;Para as persoas mante\u00f1an a ilusi\u00f3n por seguir aprendendo despois de completar a s\u00faa andaina profesional&#8221;<\/h3>\n<p>&nbsp;<\/p>\n<p>El Programa Universitario de Maiores busca garantir unha oferta de estudos para as persoas maiores de 55 anos que, por diversas raz\u00f3ns, non puideran acceder \u00e1 Universidade no seu momento ou para aquelas persoas que, tendo xa unha experiencia universitaria, mante\u00f1an a ilusi\u00f3n por seguir aprendendo.<\/p>\n<p>As competencias que o Programa Universitario de Mayores intenta acadar son:<\/p>\n<ul class=\"list-peak\" style=\"margin-top: 10px;\">\n<li>Lograr un axeitado nivel de independencia f\u00edsica e psicol\u00f3xica e de autonom\u00eda persoal para a mellora ou mantemento da calidade de vida.<\/li>\n<li>Capacitarse para participar de forma activa e construtiva na vida, non so social, sen\u00f3n cient\u00edfica aportando co\u00f1ecementos e experiencias enriquecedoras.<\/li>\n<li>Actualizarse nas diferentes competencias sociais e dixitais que avanzan moi r\u00e1pido no tempo e que son b\u00e1sicas para facilitar a comprensi\u00f3n dos acontecementos sociais e a comunicaci\u00f3n interxeneracional.<\/li>\n<li>Desfrutar das manifestaci\u00f3n sociais e culturais da contorna, mediante non so a contemplaci\u00f3n sen\u00f3n tam\u00e9n a participaci\u00f3n social e de promoci\u00f3n activa en un marco universitario e en un entorno de globalizaci\u00f3n do co\u00f1ecemento.<\/li>\n<\/ul>\n<div class=\"row\">\n<div class=\"col-lg-4\">\n<div class=\"card\" style=\"min-width: 25%; border-color: #ed6e00;\">\n<p><img decoding=\"async\" class=\"card-img-top\" src=\"\/wp-content\/uploads\/2021\/04\/pum.jpg\" alt=\"Formaci\u00f3n para maiores\" \/><\/p>\n<div class=\"card-body\">\n<p class=\"header-list\">Programa UNIVERSITARIO de maiores<\/p>\n<p>Formaci\u00f3n para as persoas que mante\u00f1en o entusiasmo por seguir aprendendo e por adquirir unha maior comprensi\u00f3n e participaci\u00f3n na sociedade actual<\/p>\n<p class=\"mb-2\"><a class=\"btn btn-primary btn-icon\" style=\"text-transform: none!important;\" href=\"\/gl\/campus-aberto\/programa-universitario-de-maiores\/\" rel=\"noopener noreferrer\">M\u00e1is informaci\u00f3n<\/a><\/p>\n<\/div>\n<\/div>\n<\/div>\n<\/div>\n<p>&nbsp;<\/p>\n<p>&gt;Premendo nesta ligaz\u00f3n podes descargar o <a href=\"\/docs\/TRIPTICO_programa_de_maiores_2022.pdf\">tr\u00edptico do programa de maiores<\/a><\/p>\n<p><a href=\"\/docs\/TRIPTICO_programa_de_maiores_2022.pdf\" target=\"_blank\" rel=\"noopener noreferrer\"><img loading=\"lazy\" decoding=\"async\" class=\"alignnone size-full wp-image-118388\" src=\"\/wp-content\/uploads\/2022\/04\/Portada_Triptico_PUM_pq5.jpg\" alt=\"\" width=\"142\" height=\"140\" \/><\/a><\/p>\n<div class=\"custom-block graylight\">\n<p>Se tes unha actividade, unha materia ou calquera outra iniciativa enmarcable dentro do Programa Universitario de Maiores, non dubides en contactar connosco a trav\u00e9s do seguinte formulario:<\/p>\n<p class=\"mb-2\"><a class=\"btn btn-primary btn-icon\" style=\"text-transform: none!important;\" href=\"https:\/\/secretaria.uvigo.gal\/uv\/web\/formularios\/encuesta\/cubrir_paso1\/2919\" rel=\"noopener noreferrer\">Solicitude de proposta formativa<\/a><\/p>\n<\/div>\n","protected":false},"excerpt":{"rendered":"<p>&#8220;Para as persoas mante\u00f1an a ilusi\u00f3n por seguir aprendendo despois de completar a s\u00faa andaina profesional&#8221; &nbsp; El Programa Universitario de Maiores busca garantir unha &hellip; <a class=\"excerpt_more\" href=\"https:\/\/cpfp.uvigo.gal\/gl\/destinatarios\/formacion-para-maiores\/\">Continuar<\/a><\/p>\n","protected":false},"author":2,"featured_media":0,"parent":35162,"menu_order":40,"comment_status":"closed","ping_status":"closed","template":"views\/template-fullwidth.blade.php","meta":{"_monsterinsights_skip_tracking":false,"_monsterinsights_sitenote_active":false,"_monsterinsights_sitenote_note":"","_monsterinsights_sitenote_category":0,"footnotes":""},"class_list":["post-37518","page","type-page","status-publish","hentry"],"_links":{"self":[{"href":"https:\/\/cpfp.uvigo.gal\/gl\/wp-json\/wp\/v2\/pages\/37518","targetHints":{"allow":["GET"]}}],"collection":[{"href":"https:\/\/cpfp.uvigo.gal\/gl\/wp-json\/wp\/v2\/pages"}],"about":[{"href":"https:\/\/cpfp.uvigo.gal\/gl\/wp-json\/wp\/v2\/types\/page"}],"author":[{"embeddable":true,"href":"https:\/\/cpfp.uvigo.gal\/gl\/wp-json\/wp\/v2\/users\/2"}],"replies":[{"embeddable":true,"href":"https:\/\/cpfp.uvigo.gal\/gl\/wp-json\/wp\/v2\/comments?post=37518"}],"version-history":[{"count":0,"href":"https:\/\/cpfp.uvigo.gal\/gl\/wp-json\/wp\/v2\/pages\/37518\/revisions"}],"up":[{"embeddable":true,"href":"https:\/\/cpfp.uvigo.gal\/gl\/wp-json\/wp\/v2\/pages\/35162"}],"wp:attachment":[{"href":"https:\/\/cpfp.uvigo.gal\/gl\/wp-json\/wp\/v2\/media?parent=37518"}],"curies":[{"name":"wp","href":"https:\/\/api.w.org\/{rel}","templated":true}]}}