
{"id":42881,"date":"2021-04-12T19:17:50","date_gmt":"2021-04-12T17:17:50","guid":{"rendered":"http:\/\/eafp.uvigo.gal\/?page_id=42881"},"modified":"2021-04-12T19:17:50","modified_gmt":"2021-04-12T17:17:50","slug":"aula-internacional","status":"publish","type":"page","link":"https:\/\/cpfp.uvigo.gal\/gl\/estudos\/aulas-abertas\/aula-internacional\/","title":{"rendered":"Aula Internacional de Estudos Hisp\u00e1nicos en Teor\u00eda da Literatura e Literatura Comparada"},"content":{"rendered":"<p><iframe loading=\"lazy\" width=\"560\" height=\"315\" src=\"https:\/\/www.youtube.com\/embed\/PUib0_fVaJM\" frameborder=\"0\" allow=\"accelerometer; autoplay; clipboard-write; encrypted-media; gyroscope; picture-in-picture\" allowfullscreen><\/iframe><\/p>\n<div class=\"row\">\n<div class=\"col-lg-12\">\n<h3>MOOC<\/h3>\n<p class=\"header-list\">\u00c1mbito: human\u00edstico<span class=\"pull-right\">C\u00f3digo: MOOCAULA<\/span><\/p>\n<div class=\"custom-block graylight\">\n<div class=\"row\">\n<div class=\"col lg-4\">\n<h3>Datas<\/h3>\n<p><i class=\"fa fa-calendar\"><\/i> Aberta permanentemente<\/p>\n<\/p><\/div>\n<div class=\"col lg-3\">\n<h3>Modalidade<\/h3>\n<p><i class=\"fa fa-adjust\" aria-hidden=\"true\"><\/i> En li\u00f1a<\/p>\n<\/p><\/div>\n<div class=\"col lg-2\">\n<h3>Cr\u00e9ditos<\/h3>\n<p><i class=\"fa fa-university\" aria-hidden=\"true\"><\/i> 1 ECTS<\/p>\n<\/p><\/div>\n<div class=\"col lg-3\">\n<h3>Campus<\/h3>\n<p><i class=\"fa fa-map-marker\" aria-hidden=\"true\"><\/i> En li\u00f1a<\/p>\n<\/p><\/div>\n<\/p><\/div>\n<\/div><\/div>\n<\/p><\/div>\n<p>&nbsp;<\/p>\n<h2>Descrici\u00f3n<\/h2>\n<p>Esta aula est\u00e1 especializada en Estudos Hisp\u00e1nicos, e ten como finalidade satisfacer unha demanda de potenciais espectadores falantes de espa\u00f1ol, formada por estudantes e profesionais principalmente de Espa\u00f1a, e Hispanoam\u00e9rica, as\u00ed como Hispanistas de Estados Unidos, Canad\u00e1, Europa e Asia.<\/p>\n<p>Orientada a un sector de p\u00fablico moi aberto, que ten interese nos estudos literarios desde o punto de vista da creaci\u00f3n literaria e da denominada escritura creativa, materia que forma parte dos plans de estudos vixentes actualmente en numerosos graos.<\/p>\n<p>&nbsp;<\/p>\n<div class=\"row\">\n<div class=\"col-lg-6\">\n<p class=\"header-list\">Director\/a acad\u00e9mico<\/p>\n<p> Jes\u00fas G. Maestro <\/p>\n<\/p><\/div>\n<div class=\"col-lg-6\">\n<div class=\"card\">\n<div class=\"card-body\">\n<p class=\"header-list\">Per\u00edodo de matr\u00edcula:<\/p>\n<p>Aberta permanentemente<\/p>\n<\/p><\/div>\n<\/p><\/div>\n<p><\/p>\n<p class=\"mb-2\"><a class=\"btn btn-primary btn-icon\" style=\"text-transform:none!important\" href=\"https:\/\/www.youtube.com\/channel\/UCfWWjBMY6zpvvU6wAe5j_Eg\" target=\"_blank\" rel=\"noopener noreferrer\">Canle sen inscrici\u00f3n<\/a><\/p>\n<\/p><\/div>\n<\/div>\n<p>&nbsp;<\/p>\n<h2>Modalidade<\/h2>\n<div class=\"card\">\n<div class=\"row\">\n<div class=\"col lg-6\">\n<div class=\"card-body\">\n<h3 class=\"card-title\">Docencia presencial\/virtual<\/h3>\n<p><i class=\"fa fa-minus fa-3x\" aria-hidden=\"true\"><\/i><\/p>\n<p>0 horas<\/p>\n<\/p><\/div>\n<\/p><\/div>\n<div class=\"col lg-3\">\n<div class=\"card-body\">\n<h3 class=\"card-title\">Docencia non presencial<\/h3>\n<p style=\"color:green\"><i class=\"fa fa-check-square-o fa-3x\" aria-hidden=\"true\"><\/i><\/p>\n<p>15 horas<\/p>\n<\/p><\/div>\n<\/p><\/div>\n<div class=\"col lg-3\">\n<div class=\"card-body\">\n<h3 class=\"card-title\">Pr\u00e1cticas en empresa<\/h3>\n<p><i class=\"fa fa-minus fa-3x\" aria-hidden=\"true\"><\/i><\/p>\n<p>0 horas<\/p>\n<\/p><\/div>\n<\/p><\/div>\n<\/p><\/div>\n<div class=\"row\">\n<div class=\"col lg-12\">\n<div class=\"card-body\">\n<p><small><sup>(1)<\/sup> Docencia presencial\/virtual<br \/>\n<sup>(2)<\/sup> Docencia non presencial<\/small><\/p>\n<p><strong>Horario<\/strong><br \/>\nTr\u00e1tase dunha aula totalmente en li\u00f1a, masivo, aberto a toda a comunidade impartido en espa\u00f1ol e cunha duraci\u00f3n aproximada de 15 horas que se pode seguir de maneira libre, complet\u00e1ndoo cada un ao seu ritmo, sen horarios establecidos.<\/p>\n<p><strong>Lugar de impartici\u00f3n<\/strong><br \/>\nCampus en li\u00f1a\n\t<\/div>\n<\/p><\/div>\n<\/p><\/div>\n<\/div>\n<p>&nbsp;<\/p>\n<h2>Profesorado<\/h2>\n<ul class=\"list-peak\" style=\"margin-top:10px\">\n<li>Jes\u00fas G. Maestro<\/li>\n<\/ul>\n","protected":false},"excerpt":{"rendered":"<p>MOOC \u00c1mbito: human\u00edsticoC\u00f3digo: MOOCAULA Datas Aberta permanentemente Modalidade En li\u00f1a Cr\u00e9ditos 1 ECTS Campus En li\u00f1a &nbsp; Descrici\u00f3n Esta aula est\u00e1 especializada en Estudos Hisp\u00e1nicos, &hellip; <a class=\"excerpt_more\" href=\"https:\/\/cpfp.uvigo.gal\/gl\/estudos\/aulas-abertas\/aula-internacional\/\">Continuar<\/a><\/p>\n","protected":false},"author":2,"featured_media":0,"parent":35170,"menu_order":20,"comment_status":"closed","ping_status":"closed","template":"views\/template-fullwidth.blade.php","meta":{"_monsterinsights_skip_tracking":false,"_monsterinsights_sitenote_active":false,"_monsterinsights_sitenote_note":"","_monsterinsights_sitenote_category":0,"footnotes":""},"class_list":["post-42881","page","type-page","status-publish","hentry"],"_links":{"self":[{"href":"https:\/\/cpfp.uvigo.gal\/gl\/wp-json\/wp\/v2\/pages\/42881","targetHints":{"allow":["GET"]}}],"collection":[{"href":"https:\/\/cpfp.uvigo.gal\/gl\/wp-json\/wp\/v2\/pages"}],"about":[{"href":"https:\/\/cpfp.uvigo.gal\/gl\/wp-json\/wp\/v2\/types\/page"}],"author":[{"embeddable":true,"href":"https:\/\/cpfp.uvigo.gal\/gl\/wp-json\/wp\/v2\/users\/2"}],"replies":[{"embeddable":true,"href":"https:\/\/cpfp.uvigo.gal\/gl\/wp-json\/wp\/v2\/comments?post=42881"}],"version-history":[{"count":0,"href":"https:\/\/cpfp.uvigo.gal\/gl\/wp-json\/wp\/v2\/pages\/42881\/revisions"}],"up":[{"embeddable":true,"href":"https:\/\/cpfp.uvigo.gal\/gl\/wp-json\/wp\/v2\/pages\/35170"}],"wp:attachment":[{"href":"https:\/\/cpfp.uvigo.gal\/gl\/wp-json\/wp\/v2\/media?parent=42881"}],"curies":[{"name":"wp","href":"https:\/\/api.w.org\/{rel}","templated":true}]}}