
{"id":81899,"date":"2021-07-26T15:18:47","date_gmt":"2021-07-26T13:18:47","guid":{"rendered":"http:\/\/eafp.uvigo.gal\/?page_id=81899"},"modified":"2026-02-13T14:32:40","modified_gmt":"2026-02-13T13:32:40","slug":"atencion-a-diversidade","status":"publish","type":"page","link":"https:\/\/cpfp.uvigo.gal\/gl\/estudos\/atencion-a-diversidade\/","title":{"rendered":"Atenci\u00f3n \u00e1 diversidade"},"content":{"rendered":"<p><img decoding=\"async\" src=\"https:\/\/cpfp.uvigo.gal\/wp-content\/uploads\/2026\/02\/Cabecera_logos_web_EMAU-scaled.jpg\" \/><\/p>\n<div class=\"row\">\n<div class=\"col-lg-12\">\n<h3>Programa universitario para o emprego e a vida aut\u00f3noma (EMAU)<\/h3>\n<p class=\"header-list\">\u00c1mbito: Interdisciplinar<span class=\"pull-right\">C\u00f3digo: PMDI21<\/span><\/p>\n<div class=\"custom-block graylight\">\n<div class=\"row\">\n<div class=\"col lg-4\">\n<h3>Datas<\/h3>\n<p><i class=\"fa fa-calendar\"><\/i>\u00a015\/10\/2025 &#8211; 15\/07\/2026<\/p>\n<\/div>\n<div class=\"col lg-3\">\n<h3>Modalidade<\/h3>\n<p><i class=\"fa fa-adjust\" aria-hidden=\"true\"><\/i> Presencial<\/p>\n<\/div>\n<div class=\"col lg-2\">\n<h3>Cr\u00e9ditos<\/h3>\n<p><i class=\"fa fa-university\" aria-hidden=\"true\"><\/i>\u00a030 ECTS<\/p>\n<\/div>\n<div class=\"col lg-3\">\n<h3>Campus<\/h3>\n<p><i class=\"fa fa-map-marker\" aria-hidden=\"true\"><\/i> Vigo e Ourense<\/p>\n<\/div>\n<\/div>\n<\/div>\n<p class=\"mb-2\"><a class=\"btn btn-outline-primary disabled\" style=\"text-transform: none!important;\" href=\"xxxx\" target=\"_blank\" rel=\"noopener noreferrer\">20 prazas<\/a><\/p>\n<\/div>\n<\/div>\n<p>&nbsp;<\/p>\n<h2>Descrici\u00f3n<\/h2>\n<p>O programa EMAU (Emprego e Vida Aut\u00f3noma) \u00e9 unha iniciativa coordinada pola Universidade de Vigo e desenvolvida no marco do programa Unidiversidad da Fundaci\u00f3n ONCE.<\/p>\n<p>O seu obxectivo \u00e9 ofrecer unha formaci\u00f3n universitaria adaptada a mozas e mozos con discapacidade intelectual, do desenvolvemento e\/o do espectro autista, co fin de mellorar as s\u00faas competencias persoais, sociais e laborais, e favorecer a s\u00faa empregabilidade e autonom\u00eda.<\/p>\n<p><a href=\"https:\/\/tv.uvigo.es\/video\/62a9dc75a33c0635cf3c6e06?track_id=62a9f6fea33c0636e3325b52\">Ligaz\u00f3n do v\u00eddeo realizado nun obradoiro da primeira edici\u00f3n do Programa universitario para o emprego e a vida aut\u00f3noma.<\/a><\/p>\n<p><a href=\"\/docs\/Graduacion_EVA.jpg\">Foto do acto de graduaci\u00f3n da segunda edici\u00f3n do Programa universitario para o emprego e a vida aut\u00f3noma<\/a>.<\/p>\n<p>&nbsp;<\/p>\n<div class=\"row\">\n<div class=\"col-lg-6\">\n<p class=\"header-list\">COORDINADORAS acad\u00e9micAS<\/p>\n<p>Maruxa \u00c1lvarez Jim\u00e9nez<\/p>\n<p>Reyes Fern\u00e1ndez Gonz\u00e1lez<\/p>\n<p class=\"header-list\">Contacto<\/p>\n<p>unidiversidade@uvigo.gal<\/p>\n<p>Telf. 986 818 710<\/p>\n<\/div>\n<div class=\"col-lg-6\">\n<div class=\"card\">\n<div class=\"card-body\">\n<p class=\"header-list\">Per\u00edodo de preinscrici\u00f3n:<\/p>\n<p>30\/09\/2025 &#8211; 15\/10\/2025<\/p>\n<p class=\"header-list\">Per\u00edodo de matr\u00edcula:<\/p>\n<p>30\/09\/2025 &#8211; 16\/10\/2025<\/p>\n<\/div>\n<\/div>\n<\/div>\n<\/div>\n<blockquote><p><a href=\"https:\/\/cpfp.uvigo.gal\/gl\/estudos\/titulos-propios\/id1230-1\/\" target=\"_blank\" rel=\"noopener\">Acceso \u00e1 p\u00e1xina para a inscrici\u00f3n e matr\u00edcula no programa<\/a><\/p><\/blockquote>\n<h2>Modalidade<\/h2>\n<div class=\"card\">\n<div class=\"row\">\n<div class=\"col lg-6\">\n<div class=\"card-body\">\n<h3 class=\"card-title\">Docencia presencial\/virtual<\/h3>\n<p>650 horas<\/p>\n<\/div>\n<\/div>\n<div class=\"col lg-3\">\n<div class=\"card-body\">\n<h3 class=\"card-title\">Docencia non presencial<\/h3>\n<p>0 horas<\/p>\n<\/div>\n<\/div>\n<div class=\"col lg-3\">\n<div class=\"card-body\">\n<h3 class=\"card-title\">Pr\u00e1cticas en empresa<\/h3>\n<p>100 horas<\/p>\n<\/div>\n<\/div>\n<\/div>\n<div class=\"row\">\n<div class=\"col lg-12\">\n<div class=\"card-body\">\n<p><small><sup>(1)<\/sup> Docencia presencial\/virtual<br \/>\n<sup>(2)<\/sup> Docencia non presencial<\/small><\/p>\n<p><strong>Horario<\/strong><br \/>\nDe luns a venres entre as 9.30 e as 13.30 horas de acordo co calendario acad\u00e9mico da Universidade de Vigo.<\/p>\n<p><strong>Lugar de impartici\u00f3n<\/strong><br \/>\nNa Facultade de Ciencias Xur\u00eddicas e do Traballo, no caso do Campus Universitario de Vigo<\/p>\n<p>Na Facultade de Ciencias Empresariais e Turismo, no caso do Campus Universitario de Ourense<\/p>\n<\/div>\n<\/div>\n<\/div>\n<\/div>\n<p>&nbsp;<\/p>\n<h2>Prezos<\/h2>\n<p>A matr\u00edcula estar\u00e1 subvencionada na s\u00faa totalidade.<\/p>\n<h2>Obxectivos<\/h2>\n<ul class=\"list-peak\" style=\"margin-top: 10px;\">\n<li>Fomentar a inclusi\u00f3n universitaria das persoas con discapacidade intelectual e do desenvolvemento.<\/li>\n<li>Desenvolver competencias transversais que faciliten a s\u00faa autonom\u00eda e participaci\u00f3n social.<\/li>\n<li>Mellorar a empregabilidade mediante a formaci\u00f3n pr\u00e1ctica e o contacto coa contorna laboral real.<\/li>\n<li>Promover a igualdade de oportunidades e a accesibilidade na educaci\u00f3n superior.<\/li>\n<\/ul>\n<h2>Destinatarios\/as<\/h2>\n<p>O programa est\u00e1 dirixido a mozos menores de 30 anos con discapacidade intelectual, do desenvolvemento e\/o do espectro autista, inscritos no Sistema Nacional de Garant\u00eda Xuvenil, que desexen ampliar a s\u00faa formaci\u00f3n e adquirir habilidades para a vida independente e o acceso ao emprego.<\/p>\n<h2>Criterios de selecci\u00f3n<\/h2>\n<p>A Comisi\u00f3n Acad\u00e9mica do t\u00edtulo, tras unha avaliaci\u00f3n psicopedag\u00f3xica, valorar\u00e1 a idoneidade das persoas solicitantes e decidir\u00e1 a selecci\u00f3n do estudantado participante no programa. As\u00ed mesmo, na selecci\u00f3n terase en conta un equilibrio entre homes e mulleres, asegurando o acceso igualitario ao programa de homes e mulleres para seguir avanzando no 5 Obxectivo de Desenvolvemento Sostible (ODS).<\/p>\n<h2>Calendario<\/h2>\n<ul class=\"list-peak\" style=\"margin-top: 10px;\">\n<li>Data de inicio: 15 de outubro de 2025.<\/li>\n<li>Data de fin: 15 de xullo de 2026.<\/li>\n<\/ul>\n<h2>Programa<\/h2>\n<p>Tr\u00e1tase dunha formaci\u00f3n interdisciplinar para a mellora da empregabilidade, as competencias sociolaborais e favorecer a inclusi\u00f3n laboral das persoas con discapacidade intelectual. Os profesionais de Down Ourense e Lingoreta, exercen a docencia directa en determinadas materias en colaboraci\u00f3n co equipo docente da Uvigo, e realizan apoios activos dentro da aula, actuando como especialistas en pedagox\u00eda terap\u00e9utica.<\/p>\n<p>O programa completo poder\u00e1 verse na <a href=\"https:\/\/cpfp.uvigo.gal\/gl\/estudos\/titulos-propios\/id1230-1\/\">convocatoria correspondente\u00a0<\/a><\/p>\n<h2>Profesorado<\/h2>\n<p>(Corresponde ao profesorado do curso 2024-25)<\/p>\n<ul class=\"list-peak\" style=\"margin-top: 10px;\">\n<li>Adri\u00e1n Mart\u00ednez Ortiz<\/li>\n<li>Bego\u00f1a Garrido Labrador<\/li>\n<li>Berta \u00c1lvarez Gonz\u00e1lez<\/li>\n<li>Concepci\u00f3n Gomez L\u00f3pez<\/li>\n<li>Cristina Sola Guerrero<\/li>\n<li>Mart\u00edn Otero Agra<\/li>\n<li>Oscar Ferreras Saura<\/li>\n<li>Nerea Blanco Mart\u00ednez<\/li>\n<li>Sonsoles Facal \u00c1lvarez<\/li>\n<li>Alberto Vaquero Garc\u00eda<\/li>\n<li>Ana Elina Mart\u00ednez Insua<\/li>\n<li>Breog\u00e1n Riob\u00f3o Lois<\/li>\n<li>Elena Rivo L\u00f3pez<\/li>\n<li>Francisco Javier S\u00e1nchez Sellero<\/li>\n<li>Iv\u00e1n Luis V\u00e1zquez<\/li>\n<li>Jacinto. Lareo. Jimenez<\/li>\n<li>Jos\u00e9 Antonio Fraiz Brea<\/li>\n<li>Jose Carlos Orge Miguez<\/li>\n<li>Joseba Delgado Parada<\/li>\n<li>Juan Jos\u00e9 Vidal Puga<\/li>\n<li>Manuel Alonso Carracedo<\/li>\n<li>Mar Fern\u00e1ndez Cend\u00f3n<\/li>\n<li>Maria Belen Fernandez Duran<\/li>\n<li>Mar\u00eda De Los \u00c1ngeles Pariente Ojea<\/li>\n<li>Mar\u00eda Montserrat Cruz Gonz\u00e1lez<\/li>\n<li>Mar\u00eda Reyes Fern\u00e1ndez Gonz\u00e1lez<\/li>\n<li>Maruxa Alvarez Jim\u00e9nez<\/li>\n<li>Miguel \u00c1ngel \u00c1lvarez V\u00e1zquez<\/li>\n<li>M\u00f3nica Villanueva Villar<\/li>\n<li>Myriam Alvari\u00f1as Villaverde<\/li>\n<li>R. Iv\u00e1n Martinez Lemos<\/li>\n<li>Rub\u00e9n Gonz\u00e1lez Rodr\u00edguez<\/li>\n<li>Santos P\u00e9rez Pereira<\/li>\n<li>Vanessa Su\u00e1rez Porto<\/li>\n<\/ul>\n<h2>Comisi\u00f3n Acad\u00e9mica<\/h2>\n<p>(Corresponde ao curso 2024-25)<\/p>\n<ul class=\"list-peak\" style=\"margin-top: 10px;\">\n<li>Presidenta: Mar\u00eda Isabel Doval Ruiz, directora acad\u00e9mica do Programa na edici\u00f3n 2023-24 e vicerreitora de Benestar, Equidade e Diversidade.<\/li>\n<li>Secretario: Ricardo Corder\u00ed Salgado, xefe da secci\u00f3n de Extensi\u00f3n Universitaria e responsable da Unidade de Atenci\u00f3n \u00e1 Diversidade, Universidade de Vigo.<\/li>\n<li>Vogal 1: Henar Quintas, directora de \u00e1rea de Equidade e Diversidade da Universidade de Vigo.<\/li>\n<li>Vogal 2: Mar Garc\u00eda Se\u00f1or\u00e1n, membro da COATEN (Comisi\u00f3n T\u00e9cnica de Apoio \u00e1 Discapacidade da Uvigo<\/li>\n<li>Vogal 3: T\u00e9cnico\/a de formaci\u00f3n da Asociaci\u00f3n Down de Vigo, designado\/a pola asociaci\u00f3n.<\/li>\n<li>Vogal 4: T\u00e9cnico\/a de formaci\u00f3n da Asociaci\u00f3n Down de Ourense, designado\/a pola asociaci\u00f3n.<\/li>\n<\/ul>\n<h2>Sistema de avaliaci\u00f3n<\/h2>\n<p>Os contidos de cada materia avaliaranse mediante unha proba escrita ou presentaci\u00f3n de traballos.<\/p>\n<h2>Titulaci\u00f3n<\/h2>\n<p>A superaci\u00f3n da formaci\u00f3n dar\u00e1 lugar \u00e1 obtenci\u00f3n dun t\u00edtulo propio da Universidade de Vigo: Curso de Formaci\u00f3n Superior para o emprego e a vida aut\u00f3noma \u2013 EMAU<\/p>\n","protected":false},"excerpt":{"rendered":"<p>Programa universitario para o emprego e a vida aut\u00f3noma (EMAU) \u00c1mbito: InterdisciplinarC\u00f3digo: PMDI21 Datas \u00a015\/10\/2025 &#8211; 15\/07\/2026 Modalidade Presencial Cr\u00e9ditos \u00a030 ECTS Campus Vigo e &hellip; <a class=\"excerpt_more\" href=\"https:\/\/cpfp.uvigo.gal\/gl\/estudos\/atencion-a-diversidade\/\">Continuar<\/a><\/p>\n","protected":false},"author":2,"featured_media":0,"parent":35166,"menu_order":50,"comment_status":"closed","ping_status":"closed","template":"views\/template-fullwidth.blade.php","meta":{"_monsterinsights_skip_tracking":false,"_monsterinsights_sitenote_active":false,"_monsterinsights_sitenote_note":"","_monsterinsights_sitenote_category":0,"footnotes":""},"class_list":["post-81899","page","type-page","status-publish","hentry"],"_links":{"self":[{"href":"https:\/\/cpfp.uvigo.gal\/gl\/wp-json\/wp\/v2\/pages\/81899","targetHints":{"allow":["GET"]}}],"collection":[{"href":"https:\/\/cpfp.uvigo.gal\/gl\/wp-json\/wp\/v2\/pages"}],"about":[{"href":"https:\/\/cpfp.uvigo.gal\/gl\/wp-json\/wp\/v2\/types\/page"}],"author":[{"embeddable":true,"href":"https:\/\/cpfp.uvigo.gal\/gl\/wp-json\/wp\/v2\/users\/2"}],"replies":[{"embeddable":true,"href":"https:\/\/cpfp.uvigo.gal\/gl\/wp-json\/wp\/v2\/comments?post=81899"}],"version-history":[{"count":18,"href":"https:\/\/cpfp.uvigo.gal\/gl\/wp-json\/wp\/v2\/pages\/81899\/revisions"}],"predecessor-version":[{"id":278619,"href":"https:\/\/cpfp.uvigo.gal\/gl\/wp-json\/wp\/v2\/pages\/81899\/revisions\/278619"}],"up":[{"embeddable":true,"href":"https:\/\/cpfp.uvigo.gal\/gl\/wp-json\/wp\/v2\/pages\/35166"}],"wp:attachment":[{"href":"https:\/\/cpfp.uvigo.gal\/gl\/wp-json\/wp\/v2\/media?parent=81899"}],"curies":[{"name":"wp","href":"https:\/\/api.w.org\/{rel}","templated":true}]}}